{"id":1500,"date":"2022-02-03T10:45:04","date_gmt":"2022-02-03T09:45:04","guid":{"rendered":"https:\/\/compasreseau.com\/?page_id=1500"},"modified":"2025-12-18T12:20:20","modified_gmt":"2025-12-18T11:20:20","slug":"jobs","status":"publish","type":"page","link":"https:\/\/compasreseau.com\/index.php\/jobs\/","title":{"rendered":"Jobs"},"content":{"rendered":"<h3><span style=\"color: #339966;\"><em>Retrouvez les offres d&#8217;emploi au sein du r\u00e9seau<\/em><\/span><\/h3>\n<p><img fetchpriority=\"high\" decoding=\"async\" class=\"alignnone wp-image-1530\" src=\"https:\/\/compasreseau.com\/wp-content\/uploads\/2022\/02\/job.png\" alt=\"\" width=\"318\" height=\"363\" srcset=\"https:\/\/compasreseau.com\/wp-content\/uploads\/2022\/02\/job.png 639w, https:\/\/compasreseau.com\/wp-content\/uploads\/2022\/02\/job-263x300.png 263w\" sizes=\"(max-width: 318px) 100vw, 318px\" \/><\/p>\n<h3><a href=\"https:\/\/www.csdliege.be\/fr\/offres-demploi\">Centrale de Services \u00e0 domicile<\/a><\/h3>\n<h3><a href=\"https:\/\/jobs.solidaris.be\">Mutualit\u00e9 Solidaris<\/a><\/h3>\n<h3><a href=\"https:\/\/www.optiquepointdemire.be\/content\/jobs\">Optique Point de Mire<\/a><\/h3>\n<h3><a href=\"https:\/\/www.pharmasante.be\/job\">Pharma Sant\u00e9<\/a><\/h3>\n<p>&nbsp;<\/p>\n<p>&nbsp;<\/p>\n","protected":false},"excerpt":{"rendered":"<p>Retrouvez les offres d&#8217;emploi au sein du r\u00e9seau Centrale de Services \u00e0 domicile Mutualit\u00e9 Solidaris Optique Point de Mire Pharma Sant\u00e9 &nbsp; &nbsp;<\/p>\n","protected":false},"author":11,"featured_media":0,"parent":0,"menu_order":0,"comment_status":"closed","ping_status":"closed","template":"","meta":{"footnotes":""},"categories":[],"tags":[],"class_list":["post-1500","page","type-page","status-publish","hentry"],"jetpack_sharing_enabled":true,"_links":{"self":[{"href":"https:\/\/compasreseau.com\/index.php\/wp-json\/wp\/v2\/pages\/1500","targetHints":{"allow":["GET"]}}],"collection":[{"href":"https:\/\/compasreseau.com\/index.php\/wp-json\/wp\/v2\/pages"}],"about":[{"href":"https:\/\/compasreseau.com\/index.php\/wp-json\/wp\/v2\/types\/page"}],"author":[{"embeddable":true,"href":"https:\/\/compasreseau.com\/index.php\/wp-json\/wp\/v2\/users\/11"}],"replies":[{"embeddable":true,"href":"https:\/\/compasreseau.com\/index.php\/wp-json\/wp\/v2\/comments?post=1500"}],"version-history":[{"count":11,"href":"https:\/\/compasreseau.com\/index.php\/wp-json\/wp\/v2\/pages\/1500\/revisions"}],"predecessor-version":[{"id":2666,"href":"https:\/\/compasreseau.com\/index.php\/wp-json\/wp\/v2\/pages\/1500\/revisions\/2666"}],"wp:attachment":[{"href":"https:\/\/compasreseau.com\/index.php\/wp-json\/wp\/v2\/media?parent=1500"}],"wp:term":[{"taxonomy":"category","embeddable":true,"href":"https:\/\/compasreseau.com\/index.php\/wp-json\/wp\/v2\/categories?post=1500"},{"taxonomy":"post_tag","embeddable":true,"href":"https:\/\/compasreseau.com\/index.php\/wp-json\/wp\/v2\/tags?post=1500"}],"curies":[{"name":"wp","href":"https:\/\/api.w.org\/{rel}","templated":true}]}}