{"id":1600,"date":"2022-10-28T10:23:48","date_gmt":"2022-10-28T08:23:48","guid":{"rendered":"https:\/\/compasreseau.com\/?page_id=1600"},"modified":"2025-12-15T11:48:46","modified_gmt":"2025-12-15T10:48:46","slug":"comparatif-des-assurances-complementaires","status":"publish","type":"page","link":"https:\/\/compasreseau.com\/index.php\/comparatif-des-assurances-complementaires\/","title":{"rendered":"Comparatif des assurances compl\u00e9mentaires"},"content":{"rendered":"<h3><span style=\"color: #ff6600;\"><strong>2026 &#8211; Comparatif des assurances compl\u00e9mentaires avec les autres mutuelles. <\/strong><\/span>Modification en cours<\/h3>\n<hr \/>\n<h3><span style=\"color: #ff6600;\"><strong>2025 &#8211; Comparatif des assurances compl\u00e9mentaires avec les autres mutuelles.<\/strong><\/span><\/h3>\n<p>Cliquer sur le lien ci dessous pour y acc\u00e9der<\/p>\n<p><a href=\"https:\/\/compasreseau.com\/wp-content\/uploads\/2025\/02\/Comparatif_Global_AC_2025.xlsx\">Comparatif assurance compl\u00e9mentaire concurrence <\/a><\/p>\n","protected":false},"excerpt":{"rendered":"<p>2026 &#8211; Comparatif des assurances compl\u00e9mentaires avec les autres mutuelles. Modification en cours 2025 &#8211; Comparatif des assurances compl\u00e9mentaires avec les autres mutuelles. Cliquer sur le lien ci dessous pour y acc\u00e9der Comparatif assurance compl\u00e9mentaire concurrence<\/p>\n","protected":false},"author":4,"featured_media":0,"parent":0,"menu_order":0,"comment_status":"closed","ping_status":"closed","template":"","meta":{"footnotes":""},"categories":[],"tags":[],"class_list":["post-1600","page","type-page","status-publish","hentry"],"jetpack_sharing_enabled":true,"_links":{"self":[{"href":"https:\/\/compasreseau.com\/index.php\/wp-json\/wp\/v2\/pages\/1600","targetHints":{"allow":["GET"]}}],"collection":[{"href":"https:\/\/compasreseau.com\/index.php\/wp-json\/wp\/v2\/pages"}],"about":[{"href":"https:\/\/compasreseau.com\/index.php\/wp-json\/wp\/v2\/types\/page"}],"author":[{"embeddable":true,"href":"https:\/\/compasreseau.com\/index.php\/wp-json\/wp\/v2\/users\/4"}],"replies":[{"embeddable":true,"href":"https:\/\/compasreseau.com\/index.php\/wp-json\/wp\/v2\/comments?post=1600"}],"version-history":[{"count":7,"href":"https:\/\/compasreseau.com\/index.php\/wp-json\/wp\/v2\/pages\/1600\/revisions"}],"predecessor-version":[{"id":2662,"href":"https:\/\/compasreseau.com\/index.php\/wp-json\/wp\/v2\/pages\/1600\/revisions\/2662"}],"wp:attachment":[{"href":"https:\/\/compasreseau.com\/index.php\/wp-json\/wp\/v2\/media?parent=1600"}],"wp:term":[{"taxonomy":"category","embeddable":true,"href":"https:\/\/compasreseau.com\/index.php\/wp-json\/wp\/v2\/categories?post=1600"},{"taxonomy":"post_tag","embeddable":true,"href":"https:\/\/compasreseau.com\/index.php\/wp-json\/wp\/v2\/tags?post=1600"}],"curies":[{"name":"wp","href":"https:\/\/api.w.org\/{rel}","templated":true}]}}