{"id":2,"date":"2020-11-27T15:58:34","date_gmt":"2020-11-27T14:58:34","guid":{"rendered":"http:\/\/compasreseau.com\/?page_id=2"},"modified":"2025-12-18T12:22:29","modified_gmt":"2025-12-18T11:22:29","slug":"page-d-exemple","status":"publish","type":"page","link":"https:\/\/compasreseau.com\/index.php\/page-d-exemple\/","title":{"rendered":"Pr\u00e9sentation des membres de notre \u00e9quipe"},"content":{"rendered":"<p><img decoding=\"async\" class=\"\" src=\"https:\/\/compasreseau.com\/wp-content\/uploads\/2020\/12\/Christel_Sauveur-150x150.jpg\" sizes=\"(max-width: 150px) 100vw, 150px\" srcset=\"https:\/\/compasreseau.com\/wp-content\/uploads\/2020\/12\/Christel_Sauveur-150x150.jpg 150w, https:\/\/compasreseau.com\/wp-content\/uploads\/2020\/12\/Christel_Sauveur-365x365.jpg 365w, https:\/\/compasreseau.com\/wp-content\/uploads\/2020\/12\/Christel_Sauveur-500x500.jpg 500w\" alt=\"\" width=\"140\" height=\"140\" \/><\/p>\n<p><strong>Christel Sauveur \u00b7\u00a0 <span style=\"color: #ff6600;\">Actimed<\/span><\/strong><\/p>\n<a class=\"omsc-button omsc-no-custom-hover omsc-size-medium omsc-style-emboss omsc-text-bright\" href=\"mailto:'christelle.sauveur@actimed.be'\" style=\"background-color:#1e73be;border-color:#1e73be;color:#ffffff\">Contact<\/a>\n<p>Mes fonctions chez Actimed : personne de r\u00e9f\u00e9rence et de contact pour :<br \/>\n\u00b7 notre service \u00ab nutrition ent\u00e9rale \u00bb<br \/>\n\u00b7 le service Homecare<br \/>\n\u00b7 les services infirmier-coordi-ergo de la CSD : infos, nouveaux produits&#8230;<br \/>\n\u00b7 toute demande de mat\u00e9riel de soins m\u00e9dicaux et param\u00e9dicaux (m\u00e9decins, infirmiers, p\u00e9dicures, kin\u00e9s, ergos, logo\u2026)<br \/>\n\u00b7 nos diff\u00e9rents fournisseurs : nouveaux produits, suivi des commandes&#8230;<br \/>\n\u00b7 la cr\u00e9ation du catalogue Actimed.<\/p>\n<hr \/>\n<p><img decoding=\"async\" class=\"\" src=\"https:\/\/compasreseau.com\/wp-content\/uploads\/2021\/04\/IMG_1665-150x150.jpg\" sizes=\"(max-width: 150px) 100vw, 150px\" srcset=\"https:\/\/compasreseau.com\/wp-content\/uploads\/2021\/04\/IMG_1665-150x150.jpg 150w, https:\/\/compasreseau.com\/wp-content\/uploads\/2021\/04\/IMG_1665-365x365.jpg 365w\" alt=\"\" width=\"140\" height=\"140\" \/><\/p>\n<p><strong>Philippe Purnelle \u00b7 <span style=\"color: #ff6600;\">Point de Mire &amp; Amplitours<\/span><\/strong><\/p>\n<a class=\"omsc-button omsc-no-custom-hover omsc-size-medium omsc-style-emboss omsc-text-bright\" href=\"mailto:'philippe.purnelle@optiquepointdemire.be\" style=\"background-color:#1e73be;border-color:#1e73be;color:#ffffff\">Contact<\/a>\n<p>D\u00e9l\u00e9gu\u00e9 \u00e0 la gestion journali\u00e8re d&rsquo;Optique Point de Mire et d&rsquo;Amplitours.<\/p>\n<p>Je suis \u00e9galement coordinateur de la premi\u00e8re cit\u00e9e .<\/p>\n<hr \/>\n<p><img decoding=\"async\" class=\"alignleft wp-image-2362 size-thumbnail\" src=\"https:\/\/compasreseau.com\/wp-content\/uploads\/2024\/12\/Florence-150x150.jpeg\" alt=\"\" width=\"150\" height=\"150\" srcset=\"https:\/\/compasreseau.com\/wp-content\/uploads\/2024\/12\/Florence-150x150.jpeg 150w, https:\/\/compasreseau.com\/wp-content\/uploads\/2024\/12\/Florence-365x365.jpeg 365w\" sizes=\"(max-width: 150px) 100vw, 150px\" \/><\/p>\n<p>&nbsp;<\/p>\n<p>&nbsp;<\/p>\n<p>&nbsp;<\/p>\n<p>&nbsp;<\/p>\n<p><strong>Florence Croisier \u00b7 <span style=\"color: #ff6600;\">Pharma Sant\u00e9<\/span><\/strong><\/p>\n<a class=\"omsc-button omsc-no-custom-hover omsc-size-medium omsc-style-emboss omsc-text-bright\" href=\"mailto:'florence.croisier@pharmasante.be'\" style=\"background-color:#1e73be;border-color:#1e73be;color:#ffffff\">Contact<\/a>\n<p>Ma fonction chez Pharma Sant\u00e9 : Gestionnaire planning des officines<br \/>\nA savoir,<br \/>\n\u2022 Assurer la gestion quotidienne de l\u2019organisation \u00ab horaire \u00bb des \u00e9quipes<br \/>\n\u2022 Gestion de l\u2019absent\u00e9isme et des remplacements<br \/>\n\u2022 Gestion des demandes de cong\u00e9s<br \/>\n\u2022 Gestion des demandes d\u2019am\u00e9nagements horaires<br \/>\n\u2022 Assurer la bonne communication du groupe<\/p>\n<p>Mais avant tout \u00eatre une personne ressource \u00e0 l\u2019\u00e9coute des collaborateurs, en coh\u00e9sion avec la BU Officines et le Service RH.<\/p>\n<hr \/>\n<p><img loading=\"lazy\" decoding=\"async\" class=\"\" src=\"https:\/\/compasreseau.com\/wp-content\/uploads\/2021\/04\/AF-150x150.jpg\" sizes=\"(max-width: 150px) 100vw, 150px\" srcset=\"https:\/\/compasreseau.com\/wp-content\/uploads\/2021\/04\/AF-150x150.jpg 150w, https:\/\/compasreseau.com\/wp-content\/uploads\/2021\/04\/AF-365x365.jpg 365w, https:\/\/compasreseau.com\/wp-content\/uploads\/2021\/04\/AF-500x500.jpg 500w\" alt=\"\" width=\"140\" height=\"140\" \/><\/p>\n<p><strong>Anne-Fran\u00e7oise Gerday \u00b7 <span style=\"color: #ff6600;\">Solidaris &#8211; Animateur du projet Compa&rsquo;s<\/span><\/strong><\/p>\n<a class=\"omsc-button omsc-no-custom-hover omsc-size-medium omsc-style-emboss omsc-text-bright\" href=\"mailto:'Annefrancoise.gerday@solidaris.be'\" style=\"background-color:#1e73be;border-color:#1e73be;color:#ffffff\">Contact<\/a>\n<p>Je suis facilitatrice, un m\u00e9tier passionnant, porteur de sens, au service de l\u2019int\u00e9r\u00eat g\u00e9n\u00e9ral.<\/p>\n<p>J\u2019accompagne les coll\u00e8gues, les \u00e9quipes, les organisations \u00e0 d\u00e9velopper une culture collaborative. Mon r\u00f4le est de concevoir des processus de dynamique collective, \u00e9tape par \u00e9tape, qui permettent aux participants r\u00e9unis sur un sujet, d\u2019atteindre de fa\u00e7on efficiente leurs objectifs.<\/p>\n<p>J\u2019interviens pour faciliter des r\u00e9unions d\u2019\u00e9quipe, pour construire des s\u00e9minaires, pour d\u00e9finir la raison d\u2019\u00eatre, l\u2019ambition et la coh\u00e9sion d\u2019\u00e9quipe\u2026.<\/p>\n<p>Mon intention est de cr\u00e9er un cadre de confiance qui facilite les \u00e9changes, l\u2019expression de tous les points de vue, l\u2019\u00e9mergence de questions et de solutions nouvelles, la production de plans d\u2019actions op\u00e9rationnels, la prise de d\u00e9cision \u2026 sans prendre parti, sans juger des r\u00e9sultats, en toute neutralit\u00e9.<\/p>\n<hr \/>\n<p><img loading=\"lazy\" decoding=\"async\" class=\"\" src=\"https:\/\/compasreseau.com\/wp-content\/uploads\/2021\/03\/Aude-wery-e1622496459907-150x150.jpg\" alt=\"\" width=\"142\" height=\"142\" \/><\/p>\n<p><strong>Aude W\u00e9ry \u00b7 <span style=\"color: #ff6600;\">Les Associations de Solidaris<\/span><\/strong><\/p>\n<a class=\"omsc-button omsc-no-custom-hover omsc-size-medium omsc-style-emboss omsc-text-bright\" href=\"mailto:'aude.wery@solidaris.be'\" style=\"background-color:#1e73be;border-color:#1e73be;color:#ffffff\">Contact<\/a>\n<p>Je suis charg\u00e9e de communication et de projets au sein des Associations de Solidaris qui regroupent les FPS, Latitude Jeunes, l&rsquo;ASPH et depuis, le R\u00e9seau Volontaires Solidaris qui a repris les activit\u00e9s d&rsquo;Espace Seniors.<\/p>\n<hr \/>\n<p>&nbsp;<\/p>\n<p><img loading=\"lazy\" decoding=\"async\" class=\"alignleft wp-image-2360\" src=\"https:\/\/compasreseau.com\/wp-content\/uploads\/2024\/12\/rita.jpg\" alt=\"\" width=\"143\" height=\"143\" srcset=\"https:\/\/compasreseau.com\/wp-content\/uploads\/2024\/12\/rita.jpg 206w, https:\/\/compasreseau.com\/wp-content\/uploads\/2024\/12\/rita-150x150.jpg 150w\" sizes=\"(max-width: 143px) 100vw, 143px\" \/><\/p>\n<p>&nbsp;<\/p>\n<p>&nbsp;<\/p>\n<p>&nbsp;<\/p>\n<p>&nbsp;<\/p>\n<p><strong>Rita Vangheluwe \u00b7 <span style=\"color: #ff6600;\">CSD<\/span><\/strong><\/p>\n<a class=\"omsc-button omsc-no-custom-hover omsc-size-medium omsc-style-emboss omsc-text-bright\" href=\"mailto:'rita.vangheluwe@solidaris.be'\" style=\"background-color:#1e73be;border-color:#1e73be;color:#ffffff\">Contact<\/a>\n<p>En tant que responsable Call Center et service Clients, ma mission est de garantir un service de qualit\u00e9 aux clients en organisant et supervisant les \u00e9quipes de gestion de la centrale d&rsquo;appels, de l&rsquo;accueil,<\/p>\n<p>et du relais entre les clients et les services CSD, dans le but de fid\u00e9liser la client\u00e8le.<\/p>\n<p>Cette mission incarne la volont\u00e9 de placer le client au centre des priorit\u00e9s, en s\u2019appuyant sur des \u00e9quipes motiv\u00e9es et bien organis\u00e9es.<\/p>\n<hr \/>\n<p><img loading=\"lazy\" decoding=\"async\" class=\"alignnone wp-image-1121\" src=\"https:\/\/compasreseau.com\/wp-content\/uploads\/2021\/06\/IMG_20210601_113159__01-300x277.jpg\" alt=\"\" width=\"141\" height=\"130\" srcset=\"https:\/\/compasreseau.com\/wp-content\/uploads\/2021\/06\/IMG_20210601_113159__01-300x277.jpg 300w, https:\/\/compasreseau.com\/wp-content\/uploads\/2021\/06\/IMG_20210601_113159__01-1024x944.jpg 1024w, https:\/\/compasreseau.com\/wp-content\/uploads\/2021\/06\/IMG_20210601_113159__01-768x708.jpg 768w, https:\/\/compasreseau.com\/wp-content\/uploads\/2021\/06\/IMG_20210601_113159__01.jpg 1357w\" sizes=\"(max-width: 141px) 100vw, 141px\" \/><\/p>\n<p><strong>Isabelle Schreck \u00b7 <span style=\"color: #ff6600;\">Solidaris &#8211; Animateur du projet Compa&rsquo;s<\/span><\/strong><\/p>\n<a class=\"omsc-button omsc-no-custom-hover omsc-size-medium omsc-style-emboss omsc-text-bright\" href=\"mailto:'isabelle.schreck@solidaris.be'\" style=\"background-color:#1e73be;border-color:#1e73be;color:#ffffff\">Contact<\/a>\n<p>Mes fonctions chez Solidaris : Responsable au sein des agences\u00a0 de Solidaris.<\/p>\n<p>Mes diff\u00e9rentes missions\u00a0:<\/p>\n<ul>\n<li>Accompagnement sur le terrain des collaborateurs d\u2019agences afin de v\u00e9rifier leur savoir, savoir faire et savoir \u00eatre<\/li>\n<li>Organisation des plans de formations des nouveaux engag\u00e9s au sein des agences Solidaris<\/li>\n<li>Supervision des supports de formations mis \u00e0 disposition des collaborateurs du Front office<\/li>\n<li>Collaboration avec les experts du v\u00e9cu en pauvret\u00e9 et exclusion sociale<\/li>\n<li>Responsable de la cellule planning &#8211; Support<\/li>\n<li>Diffusion des informations via le blog Solid&rsquo;actu<\/li>\n<\/ul>\n<hr \/>\n<p>&nbsp;<\/p>\n<p><strong>Beno\u00eet Lurquin \u00b7<span style=\"color: #ff6600;\"> Solidaris &#8211; Charg\u00e9 de Client\u00e8le<\/span><\/strong><\/p>\n<a class=\"omsc-button omsc-no-custom-hover omsc-size-medium omsc-style-emboss omsc-text-bright\" href=\"mailto:'benoit.lurquin@solidaris.be'\" style=\"background-color:#1e73be;border-color:#1e73be;color:#ffffff\">Contact<\/a>\n<p>Mes fonctions chez Solidaris : Conseiller et Charg\u00e9 de Client\u00e8le sur la zone de Seraing<\/p>\n<p>Mes diff\u00e9rentes missions:<\/p>\n<ul>\n<li>Accueil des nouveaux affili\u00e9s<\/li>\n<li>Contact des affili\u00e9s qui nous quittent pour une autre mutualit\u00e9<\/li>\n<li>Accompagnement des affili\u00e9s quand il y a des probl\u00e8mes sp\u00e9cifiques dans leur dossier (Plainte et expertise)<\/li>\n<li>Veille concurrentielle pour l&rsquo;assurance compl\u00e9mentaire et les assurances facultatives<\/li>\n<li>Formateur assurance hospitalisation et dentaire<\/li>\n<\/ul>\n<p>&nbsp;<\/p>\n<p>&nbsp;<\/p>\n","protected":false},"excerpt":{"rendered":"<p>Christel Sauveur \u00b7\u00a0 Actimed Mes fonctions chez Actimed : personne de r\u00e9f\u00e9rence et de contact pour : \u00b7 notre service \u00ab nutrition ent\u00e9rale \u00bb \u00b7 le service Homecare \u00b7 les services infirmier-coordi-ergo de la CSD : infos, nouveaux produits&#8230; \u00b7 toute demande de mat\u00e9riel de soins m\u00e9dicaux et param\u00e9dicaux (m\u00e9decins, infirmiers, p\u00e9dicures, kin\u00e9s, ergos, logo\u2026) [&hellip;]<\/p>\n","protected":false},"author":1,"featured_media":0,"parent":0,"menu_order":0,"comment_status":"closed","ping_status":"open","template":"","meta":{"footnotes":""},"categories":[],"tags":[],"class_list":["post-2","page","type-page","status-publish","hentry"],"jetpack_sharing_enabled":true,"_links":{"self":[{"href":"https:\/\/compasreseau.com\/index.php\/wp-json\/wp\/v2\/pages\/2","targetHints":{"allow":["GET"]}}],"collection":[{"href":"https:\/\/compasreseau.com\/index.php\/wp-json\/wp\/v2\/pages"}],"about":[{"href":"https:\/\/compasreseau.com\/index.php\/wp-json\/wp\/v2\/types\/page"}],"author":[{"embeddable":true,"href":"https:\/\/compasreseau.com\/index.php\/wp-json\/wp\/v2\/users\/1"}],"replies":[{"embeddable":true,"href":"https:\/\/compasreseau.com\/index.php\/wp-json\/wp\/v2\/comments?post=2"}],"version-history":[{"count":76,"href":"https:\/\/compasreseau.com\/index.php\/wp-json\/wp\/v2\/pages\/2\/revisions"}],"predecessor-version":[{"id":2667,"href":"https:\/\/compasreseau.com\/index.php\/wp-json\/wp\/v2\/pages\/2\/revisions\/2667"}],"wp:attachment":[{"href":"https:\/\/compasreseau.com\/index.php\/wp-json\/wp\/v2\/media?parent=2"}],"wp:term":[{"taxonomy":"category","embeddable":true,"href":"https:\/\/compasreseau.com\/index.php\/wp-json\/wp\/v2\/categories?post=2"},{"taxonomy":"post_tag","embeddable":true,"href":"https:\/\/compasreseau.com\/index.php\/wp-json\/wp\/v2\/tags?post=2"}],"curies":[{"name":"wp","href":"https:\/\/api.w.org\/{rel}","templated":true}]}}