{"id":2276,"date":"2024-05-15T11:14:26","date_gmt":"2024-05-15T09:14:26","guid":{"rendered":"https:\/\/compasreseau.com\/?page_id=2276"},"modified":"2024-05-15T12:24:42","modified_gmt":"2024-05-15T10:24:42","slug":"reseautait-avec-as","status":"publish","type":"page","link":"https:\/\/compasreseau.com\/index.php\/et-si-on-reseautait\/reseautait-avec-as\/","title":{"rendered":"r\u00e9seautait avec les AS"},"content":{"rendered":"<h2>Et si on r\u00e9seautait &#8230;avec les assistants sociaux<\/h2>\n<p>La compl\u00e9mentarit\u00e9 des m\u00e9tiers \u00e9tant un de nos axes de travail, ce 28 septembre 2021, notre premier forum \u00ab\u00a0Et si on r\u00e9seautait\u2026\u00a0\u00bb consacr\u00e9 aux assistants sociaux a eu lieu.<\/p>\n<p>Lors de cette apr\u00e8s-midi, nous avons r\u00e9uni les assistants sociaux de chaque entit\u00e9 afin de leur permettre de se rencontrer (dans la mesure du possible selon leur r\u00e9gion d\u2019activit\u00e9)<\/p>\n<p>Notre but \u00e9tant de cr\u00e9er un lien entre travailleurs du r\u00e9seau.<\/p>\n<p>Un petit clip enti\u00e8rement r\u00e9alis\u00e9 par les collaborateurs du r\u00e9seau a \u00e9t\u00e9 diffus\u00e9 pour d\u00e9buter cette apr\u00e8s-midi.<\/p>\n<p>Ce film humoristique avait pour but de montrer la prise en charge successive par les diff\u00e9rents services sociaux de nos entit\u00e9s pour un couple de personnes et de lancer ainsi les premi\u00e8res r\u00e9flexions.<\/p>\n<p>A l\u2019issue de cette journ\u00e9e, certaines pistes d\u2019am\u00e9lioration ont pu \u00eatre d\u00e9gag\u00e9es et celles-ci seront travaill\u00e9es prochainement.<\/p>\n<p>Voici quelques photos de cette apr\u00e8s-midi<\/p>\n<p><img decoding=\"async\" class=\"alignnone size-thumbnail wp-image-1572\" src=\"https:\/\/compasreseau.com\/wp-content\/uploads\/2022\/02\/IMG_7143-150x150.jpg\" alt=\"\" width=\"150\" height=\"150\" srcset=\"https:\/\/compasreseau.com\/wp-content\/uploads\/2022\/02\/IMG_7143-150x150.jpg 150w, https:\/\/compasreseau.com\/wp-content\/uploads\/2022\/02\/IMG_7143-365x365.jpg 365w, https:\/\/compasreseau.com\/wp-content\/uploads\/2022\/02\/IMG_7143-500x500.jpg 500w\" sizes=\"(max-width: 150px) 100vw, 150px\" \/> <img decoding=\"async\" class=\"alignnone size-thumbnail wp-image-1571\" src=\"https:\/\/compasreseau.com\/wp-content\/uploads\/2022\/02\/IMG_7142-150x150.jpg\" alt=\"\" width=\"150\" height=\"150\" srcset=\"https:\/\/compasreseau.com\/wp-content\/uploads\/2022\/02\/IMG_7142-150x150.jpg 150w, https:\/\/compasreseau.com\/wp-content\/uploads\/2022\/02\/IMG_7142-365x365.jpg 365w, https:\/\/compasreseau.com\/wp-content\/uploads\/2022\/02\/IMG_7142-500x500.jpg 500w\" sizes=\"(max-width: 150px) 100vw, 150px\" \/> <img decoding=\"async\" class=\"alignnone size-thumbnail wp-image-1570\" src=\"https:\/\/compasreseau.com\/wp-content\/uploads\/2022\/02\/IMG_7138-150x150.jpg\" alt=\"\" width=\"150\" height=\"150\" srcset=\"https:\/\/compasreseau.com\/wp-content\/uploads\/2022\/02\/IMG_7138-150x150.jpg 150w, https:\/\/compasreseau.com\/wp-content\/uploads\/2022\/02\/IMG_7138-365x365.jpg 365w, https:\/\/compasreseau.com\/wp-content\/uploads\/2022\/02\/IMG_7138-500x500.jpg 500w\" sizes=\"(max-width: 150px) 100vw, 150px\" \/> <img loading=\"lazy\" decoding=\"async\" class=\"alignnone size-thumbnail wp-image-1569\" src=\"https:\/\/compasreseau.com\/wp-content\/uploads\/2022\/02\/IMG_7132-150x150.jpg\" alt=\"\" width=\"150\" height=\"150\" srcset=\"https:\/\/compasreseau.com\/wp-content\/uploads\/2022\/02\/IMG_7132-150x150.jpg 150w, https:\/\/compasreseau.com\/wp-content\/uploads\/2022\/02\/IMG_7132-365x365.jpg 365w, https:\/\/compasreseau.com\/wp-content\/uploads\/2022\/02\/IMG_7132-500x500.jpg 500w\" sizes=\"(max-width: 150px) 100vw, 150px\" \/> <img loading=\"lazy\" decoding=\"async\" class=\"alignnone size-thumbnail wp-image-1568\" src=\"https:\/\/compasreseau.com\/wp-content\/uploads\/2022\/02\/IMG_7128-150x150.jpg\" alt=\"\" width=\"150\" height=\"150\" srcset=\"https:\/\/compasreseau.com\/wp-content\/uploads\/2022\/02\/IMG_7128-150x150.jpg 150w, https:\/\/compasreseau.com\/wp-content\/uploads\/2022\/02\/IMG_7128-365x365.jpg 365w, https:\/\/compasreseau.com\/wp-content\/uploads\/2022\/02\/IMG_7128-500x500.jpg 500w\" sizes=\"(max-width: 150px) 100vw, 150px\" \/> <img loading=\"lazy\" decoding=\"async\" class=\"alignnone size-thumbnail wp-image-1567\" src=\"https:\/\/compasreseau.com\/wp-content\/uploads\/2022\/02\/IMG_7127-150x150.jpg\" alt=\"\" width=\"150\" height=\"150\" srcset=\"https:\/\/compasreseau.com\/wp-content\/uploads\/2022\/02\/IMG_7127-150x150.jpg 150w, https:\/\/compasreseau.com\/wp-content\/uploads\/2022\/02\/IMG_7127-365x365.jpg 365w, https:\/\/compasreseau.com\/wp-content\/uploads\/2022\/02\/IMG_7127-500x500.jpg 500w\" sizes=\"(max-width: 150px) 100vw, 150px\" \/> <img loading=\"lazy\" decoding=\"async\" class=\"alignnone size-thumbnail wp-image-1566\" src=\"https:\/\/compasreseau.com\/wp-content\/uploads\/2022\/02\/IMG_7126-150x150.jpg\" alt=\"\" width=\"150\" height=\"150\" srcset=\"https:\/\/compasreseau.com\/wp-content\/uploads\/2022\/02\/IMG_7126-150x150.jpg 150w, https:\/\/compasreseau.com\/wp-content\/uploads\/2022\/02\/IMG_7126-365x365.jpg 365w, https:\/\/compasreseau.com\/wp-content\/uploads\/2022\/02\/IMG_7126-500x500.jpg 500w\" sizes=\"(max-width: 150px) 100vw, 150px\" \/> <img loading=\"lazy\" decoding=\"async\" class=\"alignnone size-thumbnail wp-image-1565\" src=\"https:\/\/compasreseau.com\/wp-content\/uploads\/2022\/02\/IMG_7121-150x150.jpg\" alt=\"\" width=\"150\" height=\"150\" srcset=\"https:\/\/compasreseau.com\/wp-content\/uploads\/2022\/02\/IMG_7121-150x150.jpg 150w, https:\/\/compasreseau.com\/wp-content\/uploads\/2022\/02\/IMG_7121-365x365.jpg 365w, https:\/\/compasreseau.com\/wp-content\/uploads\/2022\/02\/IMG_7121-500x500.jpg 500w\" sizes=\"(max-width: 150px) 100vw, 150px\" \/> <img loading=\"lazy\" decoding=\"async\" class=\"alignnone size-thumbnail wp-image-1564\" src=\"https:\/\/compasreseau.com\/wp-content\/uploads\/2022\/02\/IMG_7118-150x150.jpg\" alt=\"\" width=\"150\" height=\"150\" srcset=\"https:\/\/compasreseau.com\/wp-content\/uploads\/2022\/02\/IMG_7118-150x150.jpg 150w, https:\/\/compasreseau.com\/wp-content\/uploads\/2022\/02\/IMG_7118-365x365.jpg 365w, https:\/\/compasreseau.com\/wp-content\/uploads\/2022\/02\/IMG_7118-500x500.jpg 500w\" sizes=\"(max-width: 150px) 100vw, 150px\" \/> <img loading=\"lazy\" decoding=\"async\" class=\"alignnone size-thumbnail wp-image-1563\" src=\"https:\/\/compasreseau.com\/wp-content\/uploads\/2022\/02\/IMG_7114-150x150.jpg\" alt=\"\" width=\"150\" height=\"150\" srcset=\"https:\/\/compasreseau.com\/wp-content\/uploads\/2022\/02\/IMG_7114-150x150.jpg 150w, https:\/\/compasreseau.com\/wp-content\/uploads\/2022\/02\/IMG_7114-365x365.jpg 365w, https:\/\/compasreseau.com\/wp-content\/uploads\/2022\/02\/IMG_7114-500x500.jpg 500w\" sizes=\"(max-width: 150px) 100vw, 150px\" \/> <img loading=\"lazy\" decoding=\"async\" class=\"alignnone size-thumbnail wp-image-1562\" src=\"https:\/\/compasreseau.com\/wp-content\/uploads\/2022\/02\/IMG_7113-150x150.jpg\" alt=\"\" width=\"150\" height=\"150\" srcset=\"https:\/\/compasreseau.com\/wp-content\/uploads\/2022\/02\/IMG_7113-150x150.jpg 150w, https:\/\/compasreseau.com\/wp-content\/uploads\/2022\/02\/IMG_7113-365x365.jpg 365w, https:\/\/compasreseau.com\/wp-content\/uploads\/2022\/02\/IMG_7113-500x500.jpg 500w\" sizes=\"(max-width: 150px) 100vw, 150px\" \/> <img loading=\"lazy\" decoding=\"async\" class=\"alignnone size-thumbnail wp-image-1561\" src=\"https:\/\/compasreseau.com\/wp-content\/uploads\/2022\/02\/IMG_7105-150x150.jpg\" alt=\"\" width=\"150\" height=\"150\" srcset=\"https:\/\/compasreseau.com\/wp-content\/uploads\/2022\/02\/IMG_7105-150x150.jpg 150w, https:\/\/compasreseau.com\/wp-content\/uploads\/2022\/02\/IMG_7105-365x365.jpg 365w, https:\/\/compasreseau.com\/wp-content\/uploads\/2022\/02\/IMG_7105-500x500.jpg 500w\" sizes=\"(max-width: 150px) 100vw, 150px\" \/> <img loading=\"lazy\" decoding=\"async\" class=\"alignnone size-thumbnail wp-image-1560\" src=\"https:\/\/compasreseau.com\/wp-content\/uploads\/2022\/02\/IMG_7104-150x150.jpg\" alt=\"\" width=\"150\" height=\"150\" srcset=\"https:\/\/compasreseau.com\/wp-content\/uploads\/2022\/02\/IMG_7104-150x150.jpg 150w, https:\/\/compasreseau.com\/wp-content\/uploads\/2022\/02\/IMG_7104-365x365.jpg 365w, https:\/\/compasreseau.com\/wp-content\/uploads\/2022\/02\/IMG_7104-500x500.jpg 500w\" sizes=\"(max-width: 150px) 100vw, 150px\" \/> <img loading=\"lazy\" decoding=\"async\" class=\"alignnone size-thumbnail wp-image-1559\" src=\"https:\/\/compasreseau.com\/wp-content\/uploads\/2022\/02\/IMG_7102-150x150.jpg\" alt=\"\" width=\"150\" height=\"150\" srcset=\"https:\/\/compasreseau.com\/wp-content\/uploads\/2022\/02\/IMG_7102-150x150.jpg 150w, https:\/\/compasreseau.com\/wp-content\/uploads\/2022\/02\/IMG_7102-365x365.jpg 365w, https:\/\/compasreseau.com\/wp-content\/uploads\/2022\/02\/IMG_7102-500x500.jpg 500w\" sizes=\"(max-width: 150px) 100vw, 150px\" \/> <img loading=\"lazy\" decoding=\"async\" class=\"alignnone size-thumbnail wp-image-1558\" src=\"https:\/\/compasreseau.com\/wp-content\/uploads\/2022\/02\/IMG_7101-150x150.jpg\" alt=\"\" width=\"150\" height=\"150\" srcset=\"https:\/\/compasreseau.com\/wp-content\/uploads\/2022\/02\/IMG_7101-150x150.jpg 150w, https:\/\/compasreseau.com\/wp-content\/uploads\/2022\/02\/IMG_7101-365x365.jpg 365w, https:\/\/compasreseau.com\/wp-content\/uploads\/2022\/02\/IMG_7101-500x500.jpg 500w\" sizes=\"(max-width: 150px) 100vw, 150px\" \/> <img loading=\"lazy\" decoding=\"async\" class=\"alignnone size-thumbnail wp-image-1557\" src=\"https:\/\/compasreseau.com\/wp-content\/uploads\/2022\/02\/IMG_7097-150x150.jpg\" alt=\"\" width=\"150\" height=\"150\" srcset=\"https:\/\/compasreseau.com\/wp-content\/uploads\/2022\/02\/IMG_7097-150x150.jpg 150w, https:\/\/compasreseau.com\/wp-content\/uploads\/2022\/02\/IMG_7097-365x365.jpg 365w, https:\/\/compasreseau.com\/wp-content\/uploads\/2022\/02\/IMG_7097-500x500.jpg 500w\" sizes=\"(max-width: 150px) 100vw, 150px\" \/> <img loading=\"lazy\" decoding=\"async\" class=\"alignnone size-thumbnail wp-image-1556\" src=\"https:\/\/compasreseau.com\/wp-content\/uploads\/2022\/02\/20210928_143253-150x150.jpg\" alt=\"\" width=\"150\" height=\"150\" srcset=\"https:\/\/compasreseau.com\/wp-content\/uploads\/2022\/02\/20210928_143253-150x150.jpg 150w, https:\/\/compasreseau.com\/wp-content\/uploads\/2022\/02\/20210928_143253-365x365.jpg 365w, https:\/\/compasreseau.com\/wp-content\/uploads\/2022\/02\/20210928_143253-500x500.jpg 500w\" sizes=\"(max-width: 150px) 100vw, 150px\" \/> <img loading=\"lazy\" decoding=\"async\" class=\"alignnone size-thumbnail wp-image-1555\" src=\"https:\/\/compasreseau.com\/wp-content\/uploads\/2022\/02\/20210928_143250-150x150.jpg\" alt=\"\" width=\"150\" height=\"150\" srcset=\"https:\/\/compasreseau.com\/wp-content\/uploads\/2022\/02\/20210928_143250-150x150.jpg 150w, https:\/\/compasreseau.com\/wp-content\/uploads\/2022\/02\/20210928_143250-365x365.jpg 365w, https:\/\/compasreseau.com\/wp-content\/uploads\/2022\/02\/20210928_143250-500x500.jpg 500w\" sizes=\"(max-width: 150px) 100vw, 150px\" \/> <img loading=\"lazy\" decoding=\"async\" class=\"alignnone size-thumbnail wp-image-1554\" src=\"https:\/\/compasreseau.com\/wp-content\/uploads\/2022\/02\/20210928_143237-150x150.jpg\" alt=\"\" width=\"150\" height=\"150\" srcset=\"https:\/\/compasreseau.com\/wp-content\/uploads\/2022\/02\/20210928_143237-150x150.jpg 150w, https:\/\/compasreseau.com\/wp-content\/uploads\/2022\/02\/20210928_143237-365x365.jpg 365w, https:\/\/compasreseau.com\/wp-content\/uploads\/2022\/02\/20210928_143237-500x500.jpg 500w\" sizes=\"(max-width: 150px) 100vw, 150px\" \/> <img loading=\"lazy\" decoding=\"async\" class=\"alignnone size-thumbnail wp-image-1553\" src=\"https:\/\/compasreseau.com\/wp-content\/uploads\/2022\/02\/20210928_143206-150x150.jpg\" alt=\"\" width=\"150\" height=\"150\" srcset=\"https:\/\/compasreseau.com\/wp-content\/uploads\/2022\/02\/20210928_143206-150x150.jpg 150w, https:\/\/compasreseau.com\/wp-content\/uploads\/2022\/02\/20210928_143206-365x365.jpg 365w, https:\/\/compasreseau.com\/wp-content\/uploads\/2022\/02\/20210928_143206-500x500.jpg 500w\" sizes=\"(max-width: 150px) 100vw, 150px\" \/> <img loading=\"lazy\" decoding=\"async\" class=\"alignnone size-thumbnail wp-image-1552\" src=\"https:\/\/compasreseau.com\/wp-content\/uploads\/2022\/02\/20210928_143201-150x150.jpg\" alt=\"\" width=\"150\" height=\"150\" srcset=\"https:\/\/compasreseau.com\/wp-content\/uploads\/2022\/02\/20210928_143201-150x150.jpg 150w, https:\/\/compasreseau.com\/wp-content\/uploads\/2022\/02\/20210928_143201-365x365.jpg 365w, https:\/\/compasreseau.com\/wp-content\/uploads\/2022\/02\/20210928_143201-500x500.jpg 500w\" sizes=\"(max-width: 150px) 100vw, 150px\" \/> <img loading=\"lazy\" decoding=\"async\" class=\"alignnone size-thumbnail wp-image-1551\" src=\"https:\/\/compasreseau.com\/wp-content\/uploads\/2022\/02\/20210928_143158-150x150.jpg\" alt=\"\" width=\"150\" height=\"150\" srcset=\"https:\/\/compasreseau.com\/wp-content\/uploads\/2022\/02\/20210928_143158-150x150.jpg 150w, https:\/\/compasreseau.com\/wp-content\/uploads\/2022\/02\/20210928_143158-365x365.jpg 365w, https:\/\/compasreseau.com\/wp-content\/uploads\/2022\/02\/20210928_143158-500x500.jpg 500w\" sizes=\"(max-width: 150px) 100vw, 150px\" \/> <img loading=\"lazy\" decoding=\"async\" class=\"alignnone size-thumbnail wp-image-1550\" src=\"https:\/\/compasreseau.com\/wp-content\/uploads\/2022\/02\/20210928_140415-150x150.jpg\" alt=\"\" width=\"150\" height=\"150\" srcset=\"https:\/\/compasreseau.com\/wp-content\/uploads\/2022\/02\/20210928_140415-150x150.jpg 150w, https:\/\/compasreseau.com\/wp-content\/uploads\/2022\/02\/20210928_140415-365x365.jpg 365w, https:\/\/compasreseau.com\/wp-content\/uploads\/2022\/02\/20210928_140415-500x500.jpg 500w\" sizes=\"(max-width: 150px) 100vw, 150px\" \/> <img loading=\"lazy\" decoding=\"async\" class=\"alignnone size-thumbnail wp-image-1549\" src=\"https:\/\/compasreseau.com\/wp-content\/uploads\/2022\/02\/20210928_140405-150x150.jpg\" alt=\"\" width=\"150\" height=\"150\" srcset=\"https:\/\/compasreseau.com\/wp-content\/uploads\/2022\/02\/20210928_140405-150x150.jpg 150w, https:\/\/compasreseau.com\/wp-content\/uploads\/2022\/02\/20210928_140405-365x365.jpg 365w, https:\/\/compasreseau.com\/wp-content\/uploads\/2022\/02\/20210928_140405-500x500.jpg 500w\" sizes=\"(max-width: 150px) 100vw, 150px\" \/> <img loading=\"lazy\" decoding=\"async\" class=\"alignnone size-thumbnail wp-image-1548\" src=\"https:\/\/compasreseau.com\/wp-content\/uploads\/2022\/02\/20210928_134735-150x150.jpg\" alt=\"\" width=\"150\" height=\"150\" srcset=\"https:\/\/compasreseau.com\/wp-content\/uploads\/2022\/02\/20210928_134735-150x150.jpg 150w, https:\/\/compasreseau.com\/wp-content\/uploads\/2022\/02\/20210928_134735-365x365.jpg 365w, https:\/\/compasreseau.com\/wp-content\/uploads\/2022\/02\/20210928_134735-500x500.jpg 500w\" sizes=\"(max-width: 150px) 100vw, 150px\" \/> <img loading=\"lazy\" decoding=\"async\" class=\"alignnone size-thumbnail wp-image-1547\" src=\"https:\/\/compasreseau.com\/wp-content\/uploads\/2022\/02\/20210928_134716-150x150.jpg\" alt=\"\" width=\"150\" height=\"150\" srcset=\"https:\/\/compasreseau.com\/wp-content\/uploads\/2022\/02\/20210928_134716-150x150.jpg 150w, https:\/\/compasreseau.com\/wp-content\/uploads\/2022\/02\/20210928_134716-365x365.jpg 365w, https:\/\/compasreseau.com\/wp-content\/uploads\/2022\/02\/20210928_134716-500x500.jpg 500w\" sizes=\"(max-width: 150px) 100vw, 150px\" \/><\/p>\n<p>&nbsp;<\/p>\n<h3><em><span style=\"color: #ff6600;\"><strong>Making of<\/strong><\/span><\/em><\/h3>\n<h3><img loading=\"lazy\" decoding=\"async\" class=\"aligncenter size-medium wp-image-1574\" src=\"https:\/\/compasreseau.com\/wp-content\/uploads\/2022\/02\/film-300x200.jpg\" alt=\"\" width=\"300\" height=\"200\" srcset=\"https:\/\/compasreseau.com\/wp-content\/uploads\/2022\/02\/film-300x200.jpg 300w, https:\/\/compasreseau.com\/wp-content\/uploads\/2022\/02\/film-1024x683.jpg 1024w, https:\/\/compasreseau.com\/wp-content\/uploads\/2022\/02\/film-768x512.jpg 768w, https:\/\/compasreseau.com\/wp-content\/uploads\/2022\/02\/film-1536x1024.jpg 1536w, https:\/\/compasreseau.com\/wp-content\/uploads\/2022\/02\/film-2048x1365.jpg 2048w\" sizes=\"(max-width: 300px) 100vw, 300px\" \/><\/h3>\n","protected":false},"excerpt":{"rendered":"<p>Et si on r\u00e9seautait &#8230;avec les assistants sociaux La compl\u00e9mentarit\u00e9 des m\u00e9tiers \u00e9tant un de nos axes de travail, ce 28 septembre 2021, notre premier forum \u00ab\u00a0Et si on r\u00e9seautait\u2026\u00a0\u00bb consacr\u00e9 aux assistants sociaux a eu lieu. Lors de cette apr\u00e8s-midi, nous avons r\u00e9uni les assistants sociaux de chaque entit\u00e9 afin de leur permettre de [&hellip;]<\/p>\n","protected":false},"author":2,"featured_media":0,"parent":1538,"menu_order":1,"comment_status":"closed","ping_status":"closed","template":"elementor_canvas","meta":{"footnotes":""},"categories":[],"tags":[],"class_list":["post-2276","page","type-page","status-publish","hentry"],"jetpack_sharing_enabled":true,"_links":{"self":[{"href":"https:\/\/compasreseau.com\/index.php\/wp-json\/wp\/v2\/pages\/2276","targetHints":{"allow":["GET"]}}],"collection":[{"href":"https:\/\/compasreseau.com\/index.php\/wp-json\/wp\/v2\/pages"}],"about":[{"href":"https:\/\/compasreseau.com\/index.php\/wp-json\/wp\/v2\/types\/page"}],"author":[{"embeddable":true,"href":"https:\/\/compasreseau.com\/index.php\/wp-json\/wp\/v2\/users\/2"}],"replies":[{"embeddable":true,"href":"https:\/\/compasreseau.com\/index.php\/wp-json\/wp\/v2\/comments?post=2276"}],"version-history":[{"count":7,"href":"https:\/\/compasreseau.com\/index.php\/wp-json\/wp\/v2\/pages\/2276\/revisions"}],"predecessor-version":[{"id":2290,"href":"https:\/\/compasreseau.com\/index.php\/wp-json\/wp\/v2\/pages\/2276\/revisions\/2290"}],"up":[{"embeddable":true,"href":"https:\/\/compasreseau.com\/index.php\/wp-json\/wp\/v2\/pages\/1538"}],"wp:attachment":[{"href":"https:\/\/compasreseau.com\/index.php\/wp-json\/wp\/v2\/media?parent=2276"}],"wp:term":[{"taxonomy":"category","embeddable":true,"href":"https:\/\/compasreseau.com\/index.php\/wp-json\/wp\/v2\/categories?post=2276"},{"taxonomy":"post_tag","embeddable":true,"href":"https:\/\/compasreseau.com\/index.php\/wp-json\/wp\/v2\/tags?post=2276"}],"curies":[{"name":"wp","href":"https:\/\/api.w.org\/{rel}","templated":true}]}}