{"id":2489,"date":"2025-08-06T15:33:13","date_gmt":"2025-08-06T13:33:13","guid":{"rendered":"https:\/\/compasreseau.com\/?page_id=2489"},"modified":"2025-09-05T11:58:37","modified_gmt":"2025-09-05T09:58:37","slug":"adresses-utiles","status":"publish","type":"page","link":"https:\/\/compasreseau.com\/index.php\/boite-a-utiles\/reformes-de-chomage-info-fgtb\/adresses-utiles\/","title":{"rendered":"Adresses utiles"},"content":{"rendered":"<p>Pour vous y retrouvez dans les diff\u00e9rentes d\u00e9marches \u00e0 proposer aux affili\u00e9s, b\u00e9n\u00e9ficiaires, clients de notre r\u00e9seau<\/p>\n<ul>\n<li>Pour les mesures l\u00e9gislatives relatives \u00e0 l&#8217;emploi, ch\u00f4mage et les diff\u00e9rents droits possibles, allez sur le site de l&rsquo;ONEm:\n<ul>\n<li>ONEM \u00a0<a href=\"https:\/\/www.onem.be\/reforme-de-la-reglementation-du-chomage\">https:\/\/www.onem.be\/reforme-de-la-reglementation-du-chomage<\/a><\/li>\n<\/ul>\n<\/li>\n<li>Pour percevoir les allocations de ch\u00f4mage\u00a0 : prenez contact avec une caisse de paiement des allocations\n<ul>\n<li style=\"list-style-type: none;\">\n<ul>\n<li><b>FGTB<\/b> (F\u00e9d\u00e9ration G\u00e9n\u00e9rale du Travail de Belgique): <a href=\"https:\/\/fgtb.be\/\">https:\/\/fgtb.be\/<\/a><\/li>\n<li><b>CAPAC <\/b>(Caisse Auxiliaire de paiement des allocations de ch\u00f4mage) : <a href=\"https:\/\/hvw-capac.fgov.be\/fr\/bureaux\/liege\">https:\/\/hvw-capac.fgov.be\/fr\/bureaux\/liege<\/a><\/li>\n<li><b>CSC<\/b> (Conf\u00e9d\u00e9ration des Syndicats Chr\u00e9tiens): <a href=\"https:\/\/www.lacsc.be\/\">https:\/\/www.lacsc.be\/<\/a><\/li>\n<li><b>CGSLB<\/b> (Centrale G\u00e9n\u00e9rale des Syndicats Lib\u00e9raux de Belgique): <a href=\"https:\/\/www.cgslb.be\/fr\">https:\/\/www.cgslb.be\/fr<\/a><\/li>\n<\/ul>\n<\/li>\n<\/ul>\n<\/li>\n<\/ul>\n<ul>\n<li>Pour vous aider, soutenir dans des d\u00e9marches li\u00e9es \u00e0 la d\u00e9fense de vos droits, les syndicats\u00a0 sont les suivants\n<ul>\n<li><b>FGTB<\/b> (F\u00e9d\u00e9ration G\u00e9n\u00e9rale du Travail de Belgique): <a href=\"https:\/\/fgtb.be\/\">https:\/\/fgtb.be\/<\/a><\/li>\n<li><b>CSC<\/b> (Conf\u00e9d\u00e9ration des Syndicats Chr\u00e9tiens): <a href=\"https:\/\/www.lacsc.be\/\">https:\/\/www.lacsc.be\/<\/a><\/li>\n<li><b>CGSLB<\/b> (Centrale G\u00e9n\u00e9rale des Syndicats Lib\u00e9raux de Belgique): <a href=\"https:\/\/www.cgslb.be\/fr\">https:\/\/www.cgslb.be\/fr<\/a><\/li>\n<\/ul>\n<\/li>\n<li>Pour vous aider \u00e0 analyser votre situation en mati\u00e8re de droits et obligations sociaux, chez Solidaris :\n<ul>\n<li><a href=\"https:\/\/www.solidaris-wallonie.be\/contact\">Comment puis-je contacter Solidaris ?<\/a><\/li>\n<\/ul>\n<\/li>\n<li>Pour retrouver de l&#8217;emploi et\/ou se former dans une branche en p\u00e9nurie ou critique\n<ul>\n<li>Site du Forem : <a href=\"https:\/\/www.leforem.be\/\">https:\/\/www.leforem.be\/<\/a><\/li>\n<\/ul>\n<\/li>\n<li>Pour trouver les m\u00e9tiers en p\u00e9nurie en 2025\n<ul>\n<li>M\u00e9tiers en p\u00e9nurie : <a href=\"https:\/\/www.leforem.be\/citoyens\/metiers-penurie.html\">https:\/\/www.leforem.be\/citoyens\/metiers-penurie.html<\/a><\/li>\n<\/ul>\n<\/li>\n<\/ul>\n<ul>\n<li>Pour se former au sein du r\u00e9seau Solidaris Li\u00e8ge:\n<ul>\n<li>\u00c9cole Soralia\u00a0 : <a href=\"https:\/\/www.ecoles-soralia-liege.be\/\">https:\/\/www.ecoles-soralia-liege.be\/<\/a><\/li>\n<li>Formation aides familiales \u00e0 la CSD : <a href=\"https:\/\/www.csdliege.be\/fr\/formation-csd\">https:\/\/www.csdliege.be\/fr\/formation-csd<\/a><\/li>\n<\/ul>\n<\/li>\n<li>Pour trouver un centre d&rsquo;insertion professionnel au sein de notre r\u00e9seau\n<ul>\n<li>Cisp Retravailler\u00a0 : <a href=\"https:\/\/retravailler-liege.be\/index.php\/qui-sommes-nous\/le-cisp\/\">https:\/\/retravailler-liege.be\/index.php\/qui-sommes-nous\/le-cisp\/<\/a><\/li>\n<\/ul>\n<\/li>\n<\/ul>\n<p><b>Pages sp\u00e9cifiques li\u00e9es \u00e0 la r\u00e9forme du ch\u00f4mage: <\/b><\/p>\n<p>CSC\u00a0 : <a href=\"https:\/\/www.lacsc.be\/actualite\/campagnes\/le-nouveau-gouvernement-nous-pr-pare-t-il-un-d-sert-de-l-arizona\/les-demandeurs-d-emploi\">https:\/\/www.lacsc.be\/actualite\/campagnes\/le-nouveau-gouvernement-nous-pr-pare-t-il-un-d-sert-de-l-arizona\/les-demandeurs-d-emploi<\/a><\/p>\n<p>CAPAC : <a href=\"https:\/\/hvw-capac.fgov.be\/fr\/actualites\/decodage-reforme-du-chomage-ce-qui-change-partir-de-2026#:~:text=%C3%80%20partir%20du%201er%20mars%202026%2C%20vous%20n%27aurez,vous%20recevrez%201%20mois%20suppl%C3%A9mentaire%20d%27allocations%20de%20ch%C3%B4mage\">https:\/\/hvw-capac.fgov.be\/fr\/actualites\/decodage-reforme-du-chomage-ce-qui-change-partir-de-2026#:~:text=%C3%80%20partir%20du%201er%20mars%202026%2C%20vous%20n%27aurez,vous%20recevrez%201%20mois%20suppl%C3%A9mentaire%20d%27allocations%20de%20ch%C3%B4mage<\/a>.<\/p>\n<p>FGTB : <a href=\"https:\/\/fgtb.be\/actualite\/allocation-de-chomage-foire-aux-questions#:~:text=La%20r%C3%A9forme%20des%20allocations%20de,en%20fonction%20du%20pass%C3%A9%20professionnel\">https:\/\/fgtb.be\/actualite\/allocation-de-chomage-foire-aux-questions#:~:text=La%20r%C3%A9forme%20des%20allocations%20de,en%20fonction%20du%20pass%C3%A9%20professionnel<\/a><\/p>\n","protected":false},"excerpt":{"rendered":"<p>Pour vous y retrouvez dans les diff\u00e9rentes d\u00e9marches \u00e0 proposer aux affili\u00e9s, b\u00e9n\u00e9ficiaires, clients de notre r\u00e9seau Pour les mesures l\u00e9gislatives relatives \u00e0 l&#8217;emploi, ch\u00f4mage et les diff\u00e9rents droits possibles, allez sur le site de l&rsquo;ONEm: ONEM \u00a0https:\/\/www.onem.be\/reforme-de-la-reglementation-du-chomage Pour percevoir les allocations de ch\u00f4mage\u00a0 : prenez contact avec une caisse de paiement des allocations FGTB [&hellip;]<\/p>\n","protected":false},"author":11,"featured_media":0,"parent":2483,"menu_order":0,"comment_status":"closed","ping_status":"closed","template":"","meta":{"footnotes":""},"categories":[],"tags":[],"class_list":["post-2489","page","type-page","status-publish","hentry"],"jetpack_sharing_enabled":true,"_links":{"self":[{"href":"https:\/\/compasreseau.com\/index.php\/wp-json\/wp\/v2\/pages\/2489","targetHints":{"allow":["GET"]}}],"collection":[{"href":"https:\/\/compasreseau.com\/index.php\/wp-json\/wp\/v2\/pages"}],"about":[{"href":"https:\/\/compasreseau.com\/index.php\/wp-json\/wp\/v2\/types\/page"}],"author":[{"embeddable":true,"href":"https:\/\/compasreseau.com\/index.php\/wp-json\/wp\/v2\/users\/11"}],"replies":[{"embeddable":true,"href":"https:\/\/compasreseau.com\/index.php\/wp-json\/wp\/v2\/comments?post=2489"}],"version-history":[{"count":4,"href":"https:\/\/compasreseau.com\/index.php\/wp-json\/wp\/v2\/pages\/2489\/revisions"}],"predecessor-version":[{"id":2504,"href":"https:\/\/compasreseau.com\/index.php\/wp-json\/wp\/v2\/pages\/2489\/revisions\/2504"}],"up":[{"embeddable":true,"href":"https:\/\/compasreseau.com\/index.php\/wp-json\/wp\/v2\/pages\/2483"}],"wp:attachment":[{"href":"https:\/\/compasreseau.com\/index.php\/wp-json\/wp\/v2\/media?parent=2489"}],"wp:term":[{"taxonomy":"category","embeddable":true,"href":"https:\/\/compasreseau.com\/index.php\/wp-json\/wp\/v2\/categories?post=2489"},{"taxonomy":"post_tag","embeddable":true,"href":"https:\/\/compasreseau.com\/index.php\/wp-json\/wp\/v2\/tags?post=2489"}],"curies":[{"name":"wp","href":"https:\/\/api.w.org\/{rel}","templated":true}]}}