{"id":2492,"date":"2025-08-06T15:49:45","date_gmt":"2025-08-06T13:49:45","guid":{"rendered":"https:\/\/compasreseau.com\/?page_id=2492"},"modified":"2025-08-06T15:58:53","modified_gmt":"2025-08-06T13:58:53","slug":"articles-specifiques-de-la-reforme","status":"publish","type":"page","link":"https:\/\/compasreseau.com\/index.php\/articles-specifiques-de-la-reforme\/","title":{"rendered":"Articles sp\u00e9cifiques de la r\u00e9forme"},"content":{"rendered":"<div id=\"primary\" class=\"content-area\">\n<div class=\"large-8 columns\">\n<p>&nbsp;<\/p>\n<article id=\"post-2489\" class=\"post-2489 page type-page status-publish hentry\">\n<div class=\"entry-content\">\n<p><b>Pages sp\u00e9cifiques li\u00e9es \u00e0 la r\u00e9forme du ch\u00f4mage:<\/b><\/p>\n<p>CSC\u00a0 :\u00a0<a href=\"https:\/\/urlr.me\/8YmZds\">https:\/\/urlr.me\/8YmZds<\/a><\/p>\n<p>CAPAC :\u00a0<a href=\"https:\/\/urlr.me\/j9FwqC\">https:\/\/urlr.me\/j9FwqC<\/a><\/p>\n<p>FGTB : <a href=\"https:\/\/urlr.me\/vR8Hn4\">https:\/\/urlr.me\/vR8Hn4<\/a><\/p>\n<p>&nbsp;<\/p>\n<\/div>\n<\/article>\n<p>&nbsp;<\/p>\n<\/div>\n<\/div>\n<div class=\"large-3 large-offset-1 columns\">\n<div id=\"secondary\" class=\"widget-area\" role=\"complementary\">\n<aside id=\"search\" class=\"widget widget_search\">\n<form class=\"search-form\" role=\"search\" action=\"https:\/\/compasreseau.com\/\" method=\"get\"><label>\u00a0<\/label><\/form>\n<\/aside>\n<aside id=\"archives\" class=\"widget\"><\/aside>\n<aside id=\"meta\" class=\"widget\">\u00a0<\/aside>\n<\/div>\n<\/div>\n","protected":false},"excerpt":{"rendered":"<p>&nbsp; Pages sp\u00e9cifiques li\u00e9es \u00e0 la r\u00e9forme du ch\u00f4mage: CSC\u00a0 :\u00a0https:\/\/urlr.me\/8YmZds CAPAC :\u00a0https:\/\/urlr.me\/j9FwqC FGTB : https:\/\/urlr.me\/vR8Hn4 &nbsp; &nbsp; \u00a0 \u00a0<\/p>\n","protected":false},"author":11,"featured_media":0,"parent":0,"menu_order":0,"comment_status":"closed","ping_status":"closed","template":"","meta":{"footnotes":""},"categories":[],"tags":[],"class_list":["post-2492","page","type-page","status-publish","hentry"],"jetpack_sharing_enabled":true,"_links":{"self":[{"href":"https:\/\/compasreseau.com\/index.php\/wp-json\/wp\/v2\/pages\/2492","targetHints":{"allow":["GET"]}}],"collection":[{"href":"https:\/\/compasreseau.com\/index.php\/wp-json\/wp\/v2\/pages"}],"about":[{"href":"https:\/\/compasreseau.com\/index.php\/wp-json\/wp\/v2\/types\/page"}],"author":[{"embeddable":true,"href":"https:\/\/compasreseau.com\/index.php\/wp-json\/wp\/v2\/users\/11"}],"replies":[{"embeddable":true,"href":"https:\/\/compasreseau.com\/index.php\/wp-json\/wp\/v2\/comments?post=2492"}],"version-history":[{"count":4,"href":"https:\/\/compasreseau.com\/index.php\/wp-json\/wp\/v2\/pages\/2492\/revisions"}],"predecessor-version":[{"id":2497,"href":"https:\/\/compasreseau.com\/index.php\/wp-json\/wp\/v2\/pages\/2492\/revisions\/2497"}],"wp:attachment":[{"href":"https:\/\/compasreseau.com\/index.php\/wp-json\/wp\/v2\/media?parent=2492"}],"wp:term":[{"taxonomy":"category","embeddable":true,"href":"https:\/\/compasreseau.com\/index.php\/wp-json\/wp\/v2\/categories?post=2492"},{"taxonomy":"post_tag","embeddable":true,"href":"https:\/\/compasreseau.com\/index.php\/wp-json\/wp\/v2\/tags?post=2492"}],"curies":[{"name":"wp","href":"https:\/\/api.w.org\/{rel}","templated":true}]}}