{"id":26,"date":"2020-11-30T12:22:47","date_gmt":"2020-11-30T11:22:47","guid":{"rendered":"http:\/\/compasreseau.com\/?page_id=26"},"modified":"2023-07-04T12:09:19","modified_gmt":"2023-07-04T10:09:19","slug":"amplitours","status":"publish","type":"page","link":"https:\/\/compasreseau.com\/index.php\/amplitours\/","title":{"rendered":"Amplitours"},"content":{"rendered":"<p><a href=\"https:\/\/www.solidaris-liege.be\/amplitours\/\"><img fetchpriority=\"high\" decoding=\"async\" class=\"alignleft wp-image-2023\" src=\"https:\/\/compasreseau.com\/wp-content\/uploads\/2023\/06\/amplitours.png\" alt=\"\" width=\"476\" height=\"138\" srcset=\"https:\/\/compasreseau.com\/wp-content\/uploads\/2023\/06\/amplitours.png 1309w, https:\/\/compasreseau.com\/wp-content\/uploads\/2023\/06\/amplitours-300x87.png 300w, https:\/\/compasreseau.com\/wp-content\/uploads\/2023\/06\/amplitours-1024x296.png 1024w, https:\/\/compasreseau.com\/wp-content\/uploads\/2023\/06\/amplitours-768x222.png 768w\" sizes=\"(max-width: 476px) 100vw, 476px\" \/><\/a><\/p>\n<h3><\/h3>\n<h3><\/h3>\n<h3><\/h3>\n<p>&nbsp;<\/p>\n<p>&nbsp;<\/p>\n<p>&nbsp;<\/p>\n<h3><\/h3>\n<p>&nbsp;<\/p>\n<h3 style=\"text-align: left;\"><strong>Pour consulter les promotions, cliquer <a href=\"https:\/\/www.amplitours.be\/amplitours\/nos-propositions-de-voyage-voyages-accompagnes-et-croisieres.html\"><span style=\"color: #339966;\">ICI<\/span><\/a><\/strong><\/h3>\n<p>&nbsp;<\/p>\n<p><a role=\"button\" href=\"mailto:philippe.purnelle@solidaris.be\">Contact privil\u00e9gi\u00e9 au sein d&rsquo;Amplitours<\/a><\/p>\n<div class=\"omsc-accordion\"><br \/>\n<div class=\"omsc-toggle omsc-expanded\"><div class=\"omsc-toggle-title\"><strong>A LA UNE<\/strong><\/div><div class=\"omsc-toggle-inner\" style=\"display:block\"><\/p>\n<p><a href=\"https:\/\/compasreseau.com\/wp-content\/uploads\/2022\/02\/2022-Amplitours-Croisie\u0300re-sur-le-Seine.pdf\"><img decoding=\"async\" class=\"alignnone size-full wp-image-1517\" src=\"https:\/\/compasreseau.com\/wp-content\/uploads\/2022\/02\/ampli-1.png\" alt=\"\" width=\"1388\" height=\"510\" srcset=\"https:\/\/compasreseau.com\/wp-content\/uploads\/2022\/02\/ampli-1.png 1388w, https:\/\/compasreseau.com\/wp-content\/uploads\/2022\/02\/ampli-1-300x110.png 300w, https:\/\/compasreseau.com\/wp-content\/uploads\/2022\/02\/ampli-1-1024x376.png 1024w, https:\/\/compasreseau.com\/wp-content\/uploads\/2022\/02\/ampli-1-768x282.png 768w\" sizes=\"(max-width: 1388px) 100vw, 1388px\" \/><\/a><\/p>\n<p>&nbsp;<\/p>\n<p>&nbsp;<\/p>\n<p><\/div><\/div><br \/>\n<div class=\"omsc-toggle\"><div class=\"omsc-toggle-title\"><strong>NOUS CONTACTER<\/strong><\/div><div class=\"omsc-toggle-inner\"><\/p>\n<p><strong>AMPLITOURS<br \/>\n<\/strong>L&rsquo;agence est situ\u00e9e rue Douffet 36, 4020 Li\u00e8ge (Uniquement sur rendez-vous)<\/p>\n<p>Pour nous contacter, envoyez un mail \u00e0\u00a0<a href=\"mailto:amplitours@amplitours.be\"><strong>amplitours@amplitours.be\u00a0<\/strong><\/a>ou t\u00e9l\u00e9phonez au\u00a0<em>0<\/em>4\/340 50 40 en semaine, du lundi au vendredi (9h &#8211; 13h; 14h &#8211; 18h).<br \/>\nAussi, vous pouvez nous adresser vos questions\/messages via cette m\u00eame adresse mail, et nous vous r\u00e9pondrons dans les plus brefs d\u00e9lais.<\/p>\n<p><\/div><\/div><br \/>\n<div class=\"omsc-toggle\"><div class=\"omsc-toggle-title\"><strong>MIEUX NOUS CONNAITRE<\/strong><\/div><div class=\"omsc-toggle-inner\"><\/p>\n<p>Rendez-vous sur <a href=\"https:\/\/www.solidaris-liege.be\/amplitours\/\">https:\/\/www.solidaris-liege.be\/amplitours\/<\/a><\/p>\n<p><\/div><\/div><br \/>\n<\/div>\n<p>&nbsp;<\/p>\n<p>&nbsp;<\/p>\n","protected":false},"excerpt":{"rendered":"<p>&nbsp; &nbsp; &nbsp; &nbsp; Pour consulter les promotions, cliquer ICI &nbsp; Contact privil\u00e9gi\u00e9 au sein d&rsquo;Amplitours &nbsp; &nbsp;<\/p>\n","protected":false},"author":1,"featured_media":0,"parent":0,"menu_order":0,"comment_status":"closed","ping_status":"closed","template":"","meta":{"footnotes":""},"categories":[],"tags":[],"class_list":["post-26","page","type-page","status-publish","hentry"],"jetpack_sharing_enabled":true,"_links":{"self":[{"href":"https:\/\/compasreseau.com\/index.php\/wp-json\/wp\/v2\/pages\/26","targetHints":{"allow":["GET"]}}],"collection":[{"href":"https:\/\/compasreseau.com\/index.php\/wp-json\/wp\/v2\/pages"}],"about":[{"href":"https:\/\/compasreseau.com\/index.php\/wp-json\/wp\/v2\/types\/page"}],"author":[{"embeddable":true,"href":"https:\/\/compasreseau.com\/index.php\/wp-json\/wp\/v2\/users\/1"}],"replies":[{"embeddable":true,"href":"https:\/\/compasreseau.com\/index.php\/wp-json\/wp\/v2\/comments?post=26"}],"version-history":[{"count":99,"href":"https:\/\/compasreseau.com\/index.php\/wp-json\/wp\/v2\/pages\/26\/revisions"}],"predecessor-version":[{"id":2032,"href":"https:\/\/compasreseau.com\/index.php\/wp-json\/wp\/v2\/pages\/26\/revisions\/2032"}],"wp:attachment":[{"href":"https:\/\/compasreseau.com\/index.php\/wp-json\/wp\/v2\/media?parent=26"}],"wp:term":[{"taxonomy":"category","embeddable":true,"href":"https:\/\/compasreseau.com\/index.php\/wp-json\/wp\/v2\/categories?post=26"},{"taxonomy":"post_tag","embeddable":true,"href":"https:\/\/compasreseau.com\/index.php\/wp-json\/wp\/v2\/tags?post=26"}],"curies":[{"name":"wp","href":"https:\/\/api.w.org\/{rel}","templated":true}]}}