{"id":2730,"date":"2026-04-03T12:22:18","date_gmt":"2026-04-03T10:22:18","guid":{"rendered":"https:\/\/compasreseau.com\/?page_id=2730"},"modified":"2026-04-03T13:45:28","modified_gmt":"2026-04-03T11:45:28","slug":"service-social","status":"publish","type":"page","link":"https:\/\/compasreseau.com\/index.php\/service-social\/","title":{"rendered":"Service social"},"content":{"rendered":"<h3><span style=\"color: #ff0000;\"><strong>Fiches du Service Social de la mutualit\u00e9\u00a0<\/strong><\/span><\/h3>\n<ul>\n<li style=\"text-align: left;\"><a href=\"https:\/\/compasreseau.com\/wp-content\/uploads\/2026\/03\/2026-FI-FRO-012-info-utiles-service-social.docx\"><span style=\"color: #3366ff;\"><strong>\u00a0<\/strong><span style=\"text-align: center;\"><strong>2026 info utiles service social<\/strong><\/span><\/span><\/a>\n<ul>\n<li>Ce document est <span style=\"color: #ff0000;\">strictement r\u00e9serv\u00e9 aux professionnels<\/span><\/li>\n<li style=\"text-align: left;\"><span style=\"color: #000000;\">Vous y trouverez toutes les informations utiles relatives aux s<\/span><span style=\"color: #000000;\">ervices sp\u00e9cifiques propos\u00e9s\u00a0 par le <\/span>Service social tels que :\n<ul>\n<li><span style=\"color: #000000;\"><strong><span style=\"color: #ff6600;\">Jurimut<\/span> : <\/strong>Le service apporte conseil, d\u00e9fense et accompagnement dans les domaines suivants\u00a0<\/span>\n<ul>\n<li>Probl\u00e8mes de facturation<\/li>\n<li>Les erreurs m\u00e9dicales<\/li>\n<\/ul>\n<\/li>\n<\/ul>\n<\/li>\n<\/ul>\n<\/li>\n<\/ul>\n<ul>\n<li style=\"list-style-type: none;\">\n<ul>\n<li style=\"list-style-type: none;\">\n<ul>\n<li><span style=\"color: #000000;\"><strong><span style=\"color: #ff6600;\">M\u00e9diation\u00a0 de\u00a0 dettes<\/span> : <\/strong>Le service aide et accompagne les personnes confront\u00e9es \u00e0 une situation de surendettement\u00a0<\/span><\/li>\n<\/ul>\n<\/li>\n<\/ul>\n<\/li>\n<\/ul>\n<ul>\n<li style=\"list-style-type: none;\">\n<ul>\n<li style=\"list-style-type: none;\">\n<ul>\n<li><span style=\"color: #000000;\"><strong><span style=\"color: #ff6600;\"> M\u00e9dikid&rsquo;s<\/span> : <\/strong>Le service s&rsquo;adresse aux enfants atteint de pathologie lourde.<\/span><\/li>\n<\/ul>\n<\/li>\n<\/ul>\n<\/li>\n<\/ul>\n<ul>\n<li style=\"list-style-type: none;\">\n<ul>\n<li style=\"list-style-type: none;\">\n<ul>\n<li><span style=\"color: #000000;\"><strong><span style=\"color: #ff6600;\">Handydroit<\/span> : <\/strong>Le service s&rsquo;adresse aux affili\u00e9s d\u00e9sirant introduire un recours au Tribunal du Travail contre\u00a0<\/span>\n<ul>\n<li>Les d\u00e9cisions du SPF soins de sant\u00e9 pour les personnes handicap\u00e9es<\/li>\n<li>L&rsquo;AViQ &#8211; Agence pour une vie de qualit\u00e9<\/li>\n<li>Le fonds sp\u00e9cial de Solidarit\u00e9 (intervention pour des frais exceptionnels et \u00e9lev\u00e9s , en cons\u00e9quence de l&rsquo;\u00e9tat de sant\u00e9 ou d&rsquo;un traitement m\u00e9dical d&rsquo;un affili\u00e9)<\/li>\n<\/ul>\n<\/li>\n<\/ul>\n<\/li>\n<\/ul>\n<\/li>\n<\/ul>\n","protected":false},"excerpt":{"rendered":"<p>Fiches du Service Social de la mutualit\u00e9\u00a0 \u00a02026 info utiles service social Ce document est strictement r\u00e9serv\u00e9 aux professionnels Vous y trouverez toutes les informations utiles relatives aux services sp\u00e9cifiques propos\u00e9s\u00a0 par le Service social tels que : Jurimut : Le service apporte conseil, d\u00e9fense et accompagnement dans les domaines suivants\u00a0 Probl\u00e8mes de facturation Les [&hellip;]<\/p>\n","protected":false},"author":2,"featured_media":0,"parent":0,"menu_order":0,"comment_status":"closed","ping_status":"closed","template":"","meta":{"footnotes":""},"categories":[],"tags":[],"class_list":["post-2730","page","type-page","status-publish","hentry"],"jetpack_sharing_enabled":true,"_links":{"self":[{"href":"https:\/\/compasreseau.com\/index.php\/wp-json\/wp\/v2\/pages\/2730","targetHints":{"allow":["GET"]}}],"collection":[{"href":"https:\/\/compasreseau.com\/index.php\/wp-json\/wp\/v2\/pages"}],"about":[{"href":"https:\/\/compasreseau.com\/index.php\/wp-json\/wp\/v2\/types\/page"}],"author":[{"embeddable":true,"href":"https:\/\/compasreseau.com\/index.php\/wp-json\/wp\/v2\/users\/2"}],"replies":[{"embeddable":true,"href":"https:\/\/compasreseau.com\/index.php\/wp-json\/wp\/v2\/comments?post=2730"}],"version-history":[{"count":5,"href":"https:\/\/compasreseau.com\/index.php\/wp-json\/wp\/v2\/pages\/2730\/revisions"}],"predecessor-version":[{"id":2746,"href":"https:\/\/compasreseau.com\/index.php\/wp-json\/wp\/v2\/pages\/2730\/revisions\/2746"}],"wp:attachment":[{"href":"https:\/\/compasreseau.com\/index.php\/wp-json\/wp\/v2\/media?parent=2730"}],"wp:term":[{"taxonomy":"category","embeddable":true,"href":"https:\/\/compasreseau.com\/index.php\/wp-json\/wp\/v2\/categories?post=2730"},{"taxonomy":"post_tag","embeddable":true,"href":"https:\/\/compasreseau.com\/index.php\/wp-json\/wp\/v2\/tags?post=2730"}],"curies":[{"name":"wp","href":"https:\/\/api.w.org\/{rel}","templated":true}]}}