{"id":31,"date":"2020-11-30T12:22:48","date_gmt":"2020-11-30T11:22:48","guid":{"rendered":"http:\/\/compasreseau.com\/?page_id=31"},"modified":"2026-02-20T10:14:13","modified_gmt":"2026-02-20T09:14:13","slug":"optique-point-de-mire","status":"publish","type":"page","link":"https:\/\/compasreseau.com\/index.php\/optique-point-de-mire\/","title":{"rendered":"Optique Point de Mire"},"content":{"rendered":"<h3><img decoding=\"async\" class=\"alignleft wp-image-2680\" src=\"https:\/\/compasreseau.com\/wp-content\/uploads\/2026\/02\/2026-logo-opm.png\" alt=\"\" width=\"157\" height=\"157\" srcset=\"https:\/\/compasreseau.com\/wp-content\/uploads\/2026\/02\/2026-logo-opm.png 1181w, https:\/\/compasreseau.com\/wp-content\/uploads\/2026\/02\/2026-logo-opm-300x300.png 300w, https:\/\/compasreseau.com\/wp-content\/uploads\/2026\/02\/2026-logo-opm-1024x1024.png 1024w, https:\/\/compasreseau.com\/wp-content\/uploads\/2026\/02\/2026-logo-opm-150x150.png 150w, https:\/\/compasreseau.com\/wp-content\/uploads\/2026\/02\/2026-logo-opm-768x768.png 768w, https:\/\/compasreseau.com\/wp-content\/uploads\/2026\/02\/2026-logo-opm-365x365.png 365w, https:\/\/compasreseau.com\/wp-content\/uploads\/2026\/02\/2026-logo-opm-500x500.png 500w\" sizes=\"(max-width: 157px) 100vw, 157px\" \/><\/h3>\n<p>&nbsp;<\/p>\n<p>&nbsp;<\/p>\n<p>&nbsp;<\/p>\n<p>&nbsp;<\/p>\n<p>&nbsp;<\/p>\n<p><a role=\"button\" href=\"mailto:philippe.purnelle@solidaris.be\">Contact privil\u00e9gi\u00e9 au sein d&rsquo;Optique Point de Mire<\/a><\/p>\n<div class=\"omsc-accordion\"><\/p>\n<p><div class=\"omsc-toggle omsc-expanded\"><div class=\"omsc-toggle-title\">A la une<\/div><div class=\"omsc-toggle-inner\" style=\"display:block\"><\/p>\n<h3><span style=\"color: #ff6600;\"><strong>Optique point de Mire &#8211; F\u00e9vrier 2026<\/strong><\/span><\/h3>\n<hr \/>\n<h3><img fetchpriority=\"high\" decoding=\"async\" class=\"alignleft wp-image-2681\" src=\"https:\/\/compasreseau.com\/wp-content\/uploads\/2026\/02\/20260220-promo-opm.png\" alt=\"\" width=\"406\" height=\"229\" srcset=\"https:\/\/compasreseau.com\/wp-content\/uploads\/2026\/02\/20260220-promo-opm.png 1217w, https:\/\/compasreseau.com\/wp-content\/uploads\/2026\/02\/20260220-promo-opm-300x169.png 300w, https:\/\/compasreseau.com\/wp-content\/uploads\/2026\/02\/20260220-promo-opm-1024x577.png 1024w, https:\/\/compasreseau.com\/wp-content\/uploads\/2026\/02\/20260220-promo-opm-768x433.png 768w\" sizes=\"(max-width: 406px) 100vw, 406px\" \/><\/h3>\n<p>&nbsp;<\/p>\n<p>&nbsp;<\/p>\n<p><span class=\"ms-rteThemeFontFace-1 ms-rteFontSize-2\">Cette promotion est valable sur tous les achats optique (verres et montures) parmi un large choix de marques du\u00a0<span style=\"color: #ff6600;\"><strong>1 er mars au 31 mars 2026 inclus<\/strong>.<\/span><\/span><\/p>\n<div><\/div>\n<div><\/div>\n<div><\/div>\n<div><\/div>\n<div>\u2022 <strong>Les clients de\u00a0<span style=\"color: #ff6600;\">-18 ans\u00a0<\/span>affili\u00e9s \u00e0\u00a0 la mutualit\u00e9 Solidaris Walloni<\/strong>e ou \u00e0 la Mutualit\u00e9 Socialiste du Luxembourg profitent d\u2019une r\u00e9duction de\u00a0<span style=\"color: #ff6600;\"><strong>40%*<\/strong><\/span>\u00a0sur les produits optiques (verres et montures uniquement)<\/div>\n<div>\u2022 <strong>Les clients de\u00a0<span style=\"color: #ff6600;\">+18 ans<\/span>\u00a0affili\u00e9s \u00e0\u00a0 la mutualit\u00e9 Solidaris Wallonie\u00a0<\/strong>ou \u00e0 la Mutualit\u00e9 Socialiste du Luxembourg profitent d\u2019une r\u00e9duction de\u00a0<span style=\"color: #ff6600;\"><strong>30%*<\/strong><\/span>\u00a0sur les produits optiques (verres et montures uniquement)<\/div>\n<div>\u2022 <strong>Les clients <span style=\"color: #ff6600;\">non affili\u00e9s<\/span><\/strong>\u00a0profitent d\u2019une r\u00e9duction de\u00a0<span style=\"color: #ff6600;\"><strong>10%<\/strong><\/span>\u00a0sur les produits optiques (verres et montures uniquement)<\/div>\n<div><\/div>\n<h3><strong><span style=\"color: #ff6600;\">Optique Point de Mire &#8211; D\u00e9cembre 2025<\/span><\/strong><\/h3>\n<hr \/>\n<p><img decoding=\"async\" class=\"wp-image-2610 alignleft\" src=\"https:\/\/compasreseau.com\/wp-content\/uploads\/2025\/12\/OPM-300x88.png\" alt=\"\" width=\"181\" height=\"53\" srcset=\"https:\/\/compasreseau.com\/wp-content\/uploads\/2025\/12\/OPM-300x88.png 300w, https:\/\/compasreseau.com\/wp-content\/uploads\/2025\/12\/OPM.png 320w\" sizes=\"(max-width: 181px) 100vw, 181px\" \/> D\u00e9m\u00e9nagement du nouveau magasin Optique Point de Mire dans le complexe Gastronomia le 15 d\u00e9cembre 2025<\/p>\n<p>Vous pouvez les retrouver Rue Cockerill \u00e0 Seraing.<\/p>\n<p>&nbsp;<\/p>\n<h3><span style=\"color: #ff6600;\"><strong>Optique Point de Mire &#8211; Promo octobre &amp; novembre 2025 &#8211; Octobre 2025<\/strong><\/span><\/h3>\n<hr \/>\n<p><img loading=\"lazy\" decoding=\"async\" class=\"alignleft wp-image-2512\" src=\"https:\/\/compasreseau.com\/wp-content\/uploads\/2025\/09\/opm-octobre-et-novembre-2025.jpg\" alt=\"\" width=\"330\" height=\"330\" srcset=\"https:\/\/compasreseau.com\/wp-content\/uploads\/2025\/09\/opm-octobre-et-novembre-2025.jpg 2250w, https:\/\/compasreseau.com\/wp-content\/uploads\/2025\/09\/opm-octobre-et-novembre-2025-300x300.jpg 300w, https:\/\/compasreseau.com\/wp-content\/uploads\/2025\/09\/opm-octobre-et-novembre-2025-1024x1024.jpg 1024w, https:\/\/compasreseau.com\/wp-content\/uploads\/2025\/09\/opm-octobre-et-novembre-2025-150x150.jpg 150w, https:\/\/compasreseau.com\/wp-content\/uploads\/2025\/09\/opm-octobre-et-novembre-2025-768x768.jpg 768w, https:\/\/compasreseau.com\/wp-content\/uploads\/2025\/09\/opm-octobre-et-novembre-2025-1536x1536.jpg 1536w, https:\/\/compasreseau.com\/wp-content\/uploads\/2025\/09\/opm-octobre-et-novembre-2025-2048x2048.jpg 2048w, https:\/\/compasreseau.com\/wp-content\/uploads\/2025\/09\/opm-octobre-et-novembre-2025-365x365.jpg 365w, https:\/\/compasreseau.com\/wp-content\/uploads\/2025\/09\/opm-octobre-et-novembre-2025-500x500.jpg 500w\" sizes=\"(max-width: 330px) 100vw, 330px\" \/><\/p>\n<p>Cette action est valable du <strong>01 octobre 2025 jusqu&rsquo;au 30 novembre 2025<\/strong><\/p>\n<p>Les<strong> clients affili\u00e9s \u00e0 la mutualit\u00e9 Solidaris Wallonie<\/strong> ou \u00e0 la Mutualit\u00e9 Socialiste du Luxembourg en r\u00e8gle de cotisations compl\u00e9mentaires profitent d&rsquo;une <strong>r\u00e9duction<\/strong> (hors intervention AMI) de <strong>20 % \u00e0 40 %* en fonction des verres fournis<\/strong><\/p>\n<p>Pour les <em>non affili\u00e9s<\/em> : R\u00e9duction de 20% sur certains verres* ou sinon, 0% sur les autres verres<\/p>\n<p>* Renseignements \u00e0 prendre en magasin<\/p>\n<p>Il est possible \u00e9galement de b\u00e9n\u00e9ficier de <strong>50 % sur le 2\u00e8me \u00e9quipement en plus de la promo<\/strong><\/p>\n<p>Il est possible de <strong>r\u00e9server l\u2019action<\/strong> jusqu\u2019au 28\/02\/2026 avec une condition d\u2019un acompte de 30% .<\/p>\n<h3><span style=\"color: #ff6600;\"><strong>Soldes Optique Point de Mire &#8211; Juillet 2025<\/strong><\/span><\/h3>\n<hr \/>\n<p><img loading=\"lazy\" decoding=\"async\" class=\"alignleft size-full wp-image-2471\" src=\"https:\/\/compasreseau.com\/wp-content\/uploads\/2025\/07\/20250704-opm.png\" alt=\"\" width=\"359\" height=\"66\" srcset=\"https:\/\/compasreseau.com\/wp-content\/uploads\/2025\/07\/20250704-opm.png 359w, https:\/\/compasreseau.com\/wp-content\/uploads\/2025\/07\/20250704-opm-300x55.png 300w\" sizes=\"(max-width: 359px) 100vw, 359px\" \/><\/p>\n<p>&nbsp;<\/p>\n<p>&nbsp;<\/p>\n<p>&nbsp;<\/p>\n<p><span style=\"color: #ff0000;\"><strong>Valable pour tout le monde et \u00e0 tout \u00e2ge :<\/strong><\/span><br \/>\n\u2022 Valable du 1\/07\/2025 au 31\/07\/2025<\/p>\n<p>\u2022 R\u00e9duction de <strong>-50%<\/strong> sur les montures optiques\u00a0<strong>datant avant le 31\/12\/2022<\/strong>\u00a0<strong>et sur les montures des marques suivantes<\/strong> : B\u00e9r\u00e9nice, Jacadi et Catimini<\/p>\n<p>\u2022 R\u00e9duction de <strong>-50% sur les montures solaires datant avant le 31\/12\/2023<\/strong>.<\/p>\n<p>\u2022 R\u00e9duction de <strong>-70% sur les montures optiques et solaires des marques suivantes<\/strong> : Mexx, Swarovksi, Rodenstock, John Lennon, Metropolitan et Ralph<\/p>\n<p>\u2022 <strong>Pas de remises suppl\u00e9mentaires aux remises habituelles<\/strong> : 20% pour les +18 ans ou 30% pour les -18 ans sur les montures optiques datant \u00e0 partir du 01\/01\/2023 et sur les montures solaires datant \u00e0 partir du 01\/01\/2024<\/p>\n<p><span style=\"color: #ff0000;\">Les soldes ne sont cumulables avec aucun autre avantage et ne sont ni reprises, ni \u00e9chang\u00e9es.<\/span><\/p>\n<h3><span style=\"color: #ff6600;\"><strong>Promo solaire (mai &#8211; juin 2025) &#8211; Avril 2025<\/strong><\/span><\/h3>\n<hr \/>\n<h3><img loading=\"lazy\" decoding=\"async\" class=\"alignleft size-thumbnail wp-image-2462\" src=\"https:\/\/compasreseau.com\/wp-content\/uploads\/2025\/04\/promo-opm-mai-2025-150x150.jpg\" alt=\"\" width=\"150\" height=\"150\" srcset=\"https:\/\/compasreseau.com\/wp-content\/uploads\/2025\/04\/promo-opm-mai-2025-150x150.jpg 150w, https:\/\/compasreseau.com\/wp-content\/uploads\/2025\/04\/promo-opm-mai-2025.jpg 290w\" sizes=\"(max-width: 150px) 100vw, 150px\" \/><\/h3>\n<p>Cette action est <strong>valable du 01 mai 2025 jusqu&rsquo;au 30 juin 2025<\/strong><br \/>\nLes clients affili\u00e9s \u00e0 la mutualit\u00e9 Solidaris Wallonie ou \u00e0 la Mutualit\u00e9 Socialiste du Luxembourg profitent de verres solaires correcteurs gratuits \u00e0 l&rsquo;achat d&rsquo;une monture\u200b pour autant qu&rsquo;ils soient en r\u00e8gle de cotisations compl\u00e9mentaires<br \/>\nCette action est <strong>valable \u00e0 l&rsquo;achat d&rsquo;une monture optique ou solaire.<\/strong><br \/>\nPour les autres verres, hors normes ou progressifs, les clients b\u00e9n\u00e9ficient d&rsquo;une r\u00e9duction de 20\u20ac\/verre.<br \/>\nPour les non affili\u00e9s : les verres sont offerts mais il n&rsquo;y a pas de remises sur les montures .<\/p>\n<p>&nbsp;<\/p>\n<h3><strong><span style=\"color: #ff6600;\">Concours Optique Point de Mire &#8211; Mars 2025<\/span><\/strong><\/h3>\n<hr \/>\n<p><img loading=\"lazy\" decoding=\"async\" class=\"alignleft wp-image-2427\" src=\"https:\/\/compasreseau.com\/wp-content\/uploads\/2025\/03\/20230306-happy-birthday-opm.jpg\" alt=\"\" width=\"283\" height=\"225\" srcset=\"https:\/\/compasreseau.com\/wp-content\/uploads\/2025\/03\/20230306-happy-birthday-opm.jpg 640w, https:\/\/compasreseau.com\/wp-content\/uploads\/2025\/03\/20230306-happy-birthday-opm-300x239.jpg 300w\" sizes=\"(max-width: 283px) 100vw, 283px\" \/>Pour ses 30 ans, OPM organise un <strong>concours<\/strong>.<\/p>\n<p>Les clients ayant<strong> achet\u00e9 un \u00e9quipement complet (montures + verres) durant la p\u00e9riode du 01\/03 au 31\/03<\/strong> ont l\u2019occasion de participer au concours.<\/p>\n<p>Une urne est plac\u00e9e dans tous les magasins.<\/p>\n<p>Les clients souhaitant participer doivent mettre le document pr\u00e9vu \u00e0 cet effet dans l\u2019urne. (Le document sera remis par l\u2019opticien).<\/p>\n<p><strong>Les gagnants auront droit \u00e0 un bon d\u2019achat de la valeur de l\u2019\u00e9quipement achet\u00e9, valable jusqu\u2019au 31\/12\/2025.<\/strong><\/p>\n<p>Mi-avril, OPM tirera au sort 33 gagnants (1 gagnant par magasin).\u200b<\/p>\n<h3><span style=\"color: #ff6600;\">Promo Mars 2025 &#8211; Optique Point de Mire &#8211; Mars 2025<\/span><\/h3>\n<hr \/>\n<p><img loading=\"lazy\" decoding=\"async\" class=\"alignleft wp-image-2424\" src=\"https:\/\/compasreseau.com\/wp-content\/uploads\/2025\/03\/20250303-OPM-Newsletter-640_300-PX.jpg\" alt=\"\" width=\"973\" height=\"456\" srcset=\"https:\/\/compasreseau.com\/wp-content\/uploads\/2025\/03\/20250303-OPM-Newsletter-640_300-PX.jpg 1333w, https:\/\/compasreseau.com\/wp-content\/uploads\/2025\/03\/20250303-OPM-Newsletter-640_300-PX-300x141.jpg 300w, https:\/\/compasreseau.com\/wp-content\/uploads\/2025\/03\/20250303-OPM-Newsletter-640_300-PX-1024x480.jpg 1024w, https:\/\/compasreseau.com\/wp-content\/uploads\/2025\/03\/20250303-OPM-Newsletter-640_300-PX-768x360.jpg 768w\" sizes=\"(max-width: 973px) 100vw, 973px\" \/><\/p>\n<h3><\/h3>\n<h3><\/h3>\n<h3><\/h3>\n<h3><\/h3>\n<h3><\/h3>\n<h3><\/h3>\n<h3 class=\"pow-heading-1 ng-binding\"><\/h3>\n<h3 class=\"pow-heading-1 ng-binding\"><\/h3>\n<h3><\/h3>\n<h3><\/h3>\n<h3><\/h3>\n<h3 class=\"pow-heading-1 ng-binding\"><span style=\"color: #ff6600;\">Un nouveau magasin Optique Point de Mire aux Guillemins \u00e0 Li\u00e8ge &#8211; Novembre 2024<\/span><\/h3>\n<hr \/>\n<p>&nbsp;<\/p>\n<p class=\"pow-chapo pow-font-bold pow-text-size-lg pow-margin-bottom-md ng-binding ng-scope\" data-ng-bind-html=\"item.description | trustedHTML\" data-ng-if=\"item.description\">Ce mardi 26 novembre, notre partenaire ouvre un nouvel espace dans le quartier en plein renouveau des Guillemins, \u00e0 2 min de la gare.<\/p>\n<p>Un nouveau magasin Optique Point de Mire aux Guillemins am\u00e9nag\u00e9 d&rsquo;une mani\u00e8re tr\u00e8s \u00e9l\u00e9gante pour ravir tous les clients, dans ce quartier en plein renouveau.<\/p>\n<p>Adresse : <strong>Esplanade Simone Veil 3\/2, 4000 Li\u00e8ge<\/strong><\/p>\n<p><img loading=\"lazy\" decoding=\"async\" class=\"size-full wp-image-2345 alignnone\" src=\"https:\/\/compasreseau.com\/wp-content\/uploads\/2024\/11\/ouverture-opm-novembre-2024.jpg\" alt=\"\" width=\"720\" height=\"593\" srcset=\"https:\/\/compasreseau.com\/wp-content\/uploads\/2024\/11\/ouverture-opm-novembre-2024.jpg 720w, https:\/\/compasreseau.com\/wp-content\/uploads\/2024\/11\/ouverture-opm-novembre-2024-300x247.jpg 300w\" sizes=\"(max-width: 720px) 100vw, 720px\" \/><\/p>\n<p>Et n&rsquo;oubliez pas qu&rsquo;en <strong>tant que coll\u00e8gue Solidaris<\/strong>, vous avez le droit toute l&rsquo;ann\u00e9e \u00e0 <span style=\"color: #ff0000;\"><strong>40% de remise<\/strong><\/span> !<\/p>\n<ul>\n<li><em>L\u2019avantage est valable pour le membre du personnel Solidaris et personnes habitant sous le m\u00eame toit<\/em><\/li>\n<li><em>Le membre du personnel DOIT \u00eatre affili\u00e9.e \u00e0 Solidaris ET en ordre de cotisation (m\u00eame chose pour les membres sous le m\u00eame toit)<\/em><\/li>\n<li><em>L\u2019avantage est valable toute l\u2019ann\u00e9e<\/em><\/li>\n<li><em>La remise est fixe toute l\u2019ann\u00e9e (pas d\u2019augmentation de 10% en mars par exemple)<\/em><\/li>\n<li><em>L\u2019avantage n\u2019est pas cumulable avec d\u2019autres promotions<\/em><\/li>\n<\/ul>\n<h3><span style=\"color: #ff6600;\"><strong>Promo octobre et novembre 2024 &#8211; Optique point de Mire &#8211; octobre 2024<\/strong><\/span><\/h3>\n<hr \/>\n<h3><img loading=\"lazy\" decoding=\"async\" class=\"alignleft size-full wp-image-2330\" src=\"https:\/\/compasreseau.com\/wp-content\/uploads\/2024\/10\/opm-octobre-2024.jpg\" alt=\"\" width=\"1500\" height=\"350\" srcset=\"https:\/\/compasreseau.com\/wp-content\/uploads\/2024\/10\/opm-octobre-2024.jpg 1500w, https:\/\/compasreseau.com\/wp-content\/uploads\/2024\/10\/opm-octobre-2024-300x70.jpg 300w, https:\/\/compasreseau.com\/wp-content\/uploads\/2024\/10\/opm-octobre-2024-1024x239.jpg 1024w, https:\/\/compasreseau.com\/wp-content\/uploads\/2024\/10\/opm-octobre-2024-768x179.jpg 768w\" sizes=\"(max-width: 1500px) 100vw, 1500px\" \/><\/h3>\n<h3><span style=\"color: #ff6600;\">SOLDES &#8211; Optique point de Mire &#8211; Juillet 2024<\/span><\/h3>\n<hr \/>\n<p><img loading=\"lazy\" decoding=\"async\" class=\"alignleft size-full wp-image-2321\" src=\"https:\/\/compasreseau.com\/wp-content\/uploads\/2024\/06\/OPM-soldes-juillet-2024.jpg\" alt=\"\" width=\"853\" height=\"400\" srcset=\"https:\/\/compasreseau.com\/wp-content\/uploads\/2024\/06\/OPM-soldes-juillet-2024.jpg 853w, https:\/\/compasreseau.com\/wp-content\/uploads\/2024\/06\/OPM-soldes-juillet-2024-300x141.jpg 300w, https:\/\/compasreseau.com\/wp-content\/uploads\/2024\/06\/OPM-soldes-juillet-2024-768x360.jpg 768w\" sizes=\"(max-width: 853px) 100vw, 853px\" \/><\/p>\n<h3><\/h3>\n<h3><\/h3>\n<h3><\/h3>\n<h3><\/h3>\n<h3><\/h3>\n<h3><\/h3>\n<h3><\/h3>\n<h3><\/h3>\n<h3><\/h3>\n<h3><\/h3>\n<p>&nbsp;<\/p>\n<h3><strong><span style=\"color: #ff6600;\">Promo solaire mai et juin &#8211; Mai 2024<\/span><\/strong><\/h3>\n<hr \/>\n<h3><img loading=\"lazy\" decoding=\"async\" class=\"alignleft size-medium wp-image-2265\" src=\"https:\/\/compasreseau.com\/wp-content\/uploads\/2024\/05\/20240513-promo-solaire-300x300.jpg\" alt=\"\" width=\"300\" height=\"300\" srcset=\"https:\/\/compasreseau.com\/wp-content\/uploads\/2024\/05\/20240513-promo-solaire-300x300.jpg 300w, https:\/\/compasreseau.com\/wp-content\/uploads\/2024\/05\/20240513-promo-solaire-1024x1024.jpg 1024w, https:\/\/compasreseau.com\/wp-content\/uploads\/2024\/05\/20240513-promo-solaire-150x150.jpg 150w, https:\/\/compasreseau.com\/wp-content\/uploads\/2024\/05\/20240513-promo-solaire-768x768.jpg 768w, https:\/\/compasreseau.com\/wp-content\/uploads\/2024\/05\/20240513-promo-solaire-365x365.jpg 365w, https:\/\/compasreseau.com\/wp-content\/uploads\/2024\/05\/20240513-promo-solaire-500x500.jpg 500w, https:\/\/compasreseau.com\/wp-content\/uploads\/2024\/05\/20240513-promo-solaire.jpg 1080w\" sizes=\"(max-width: 300px) 100vw, 300px\" \/><\/h3>\n<p>&nbsp;<\/p>\n<p>Cette action est valable du 01 mai 2024 jusqu\u2019au 30 juin 2024<\/p>\n<p>Les clients affili\u00e9s \u00e0 la mutualit\u00e9 Solidaris Wallonie ou \u00e0 la Mutualit\u00e9 Socialiste du Luxembourg en r\u00e8gle de cotisations compl\u00e9mentaires profitent de verres solaires correcteurs gratuits \u00e0 l\u2019achat d\u2019une monture.<\/p>\n<p>Cette action est valable \u00e0 l\u2019achat d\u2019une monture optique ou solaire.<\/p>\n<p>Les conditions g\u00e9n\u00e9rales sont consultables <a href=\"https:\/\/compasreseau.com\/wp-content\/uploads\/2024\/05\/20240513-CGV-Action-solaire-2024.pdf\"><span style=\"color: #ff0000;\">ICI<\/span><\/a><\/p>\n<p>&nbsp;<\/p>\n<p>&nbsp;<\/p>\n<p>&nbsp;<\/p>\n<h3><strong><span style=\"color: #ff6600;\">OPM &#8211; avantage pour le personnel du r\u00e9seau Solidaris &#8211; Janvier 2024<\/span><\/strong><\/h3>\n<hr \/>\n<p><img loading=\"lazy\" decoding=\"async\" class=\"alignleft wp-image-2194\" src=\"https:\/\/compasreseau.com\/wp-content\/uploads\/2024\/01\/40-1-1-200x300.jpg\" alt=\"\" width=\"110\" height=\"166\" srcset=\"https:\/\/compasreseau.com\/wp-content\/uploads\/2024\/01\/40-1-1-200x300.jpg 200w, https:\/\/compasreseau.com\/wp-content\/uploads\/2024\/01\/40-1-1-683x1024.jpg 683w, https:\/\/compasreseau.com\/wp-content\/uploads\/2024\/01\/40-1-1-768x1152.jpg 768w, https:\/\/compasreseau.com\/wp-content\/uploads\/2024\/01\/40-1-1-1024x1536.jpg 1024w, https:\/\/compasreseau.com\/wp-content\/uploads\/2024\/01\/40-1-1-1365x2048.jpg 1365w, https:\/\/compasreseau.com\/wp-content\/uploads\/2024\/01\/40-1-1-scaled.jpg 1707w\" sizes=\"(max-width: 110px) 100vw, 110px\" \/>A partir de janvier 2024, les magasins Optique Point de Mire octroient <strong>40 % de r\u00e9duction<\/strong> (<em>hors intervention INAMI<\/em>) toute l&rsquo;ann\u00e9e pour les <strong>membres du personnel de Solidaris et de son r\u00e9seau<\/strong> (<em>affili\u00e9s \u00e0 Solidaris et en r\u00e8gle d&rsquo;assurance compl\u00e9mentaire<\/em>).<\/p>\n<p>Rendez-vous dans un des 32 magasins en Wallonie pour b\u00e9n\u00e9ficier de tarifs pr\u00e9f\u00e9rentiels sur vos lunettes (et celles de votre famille proche), y compris les montures solaires.<\/p>\n<p>&nbsp;<\/p>\n<p>&nbsp;<\/p>\n<h3><strong><span style=\"color: #ff6600;\">Soldes jusqu&rsquo;\u00e0 70% &#8211; Janvier 2024<\/span><\/strong><\/h3>\n<hr \/>\n<h3><img loading=\"lazy\" decoding=\"async\" class=\"wp-image-2162 aligncenter\" src=\"https:\/\/compasreseau.com\/wp-content\/uploads\/2024\/01\/optique-point-de-mire-soldes-2024-300x283.png\" alt=\"\" width=\"459\" height=\"433\" srcset=\"https:\/\/compasreseau.com\/wp-content\/uploads\/2024\/01\/optique-point-de-mire-soldes-2024-300x283.png 300w, https:\/\/compasreseau.com\/wp-content\/uploads\/2024\/01\/optique-point-de-mire-soldes-2024.png 678w\" sizes=\"(max-width: 459px) 100vw, 459px\" \/><\/h3>\n<p>&nbsp;<\/p>\n<h3><span style=\"color: #ff6600;\">Soldes &#8211; Juillet 2023<\/span><\/h3>\n<hr \/>\n<p><img loading=\"lazy\" decoding=\"async\" class=\"alignleft size-full wp-image-2034\" src=\"https:\/\/compasreseau.com\/wp-content\/uploads\/2023\/06\/promo-juillet-2023.jpg\" alt=\"\" width=\"1440\" height=\"1440\" srcset=\"https:\/\/compasreseau.com\/wp-content\/uploads\/2023\/06\/promo-juillet-2023.jpg 1440w, https:\/\/compasreseau.com\/wp-content\/uploads\/2023\/06\/promo-juillet-2023-300x300.jpg 300w, https:\/\/compasreseau.com\/wp-content\/uploads\/2023\/06\/promo-juillet-2023-1024x1024.jpg 1024w, https:\/\/compasreseau.com\/wp-content\/uploads\/2023\/06\/promo-juillet-2023-150x150.jpg 150w, https:\/\/compasreseau.com\/wp-content\/uploads\/2023\/06\/promo-juillet-2023-768x768.jpg 768w, https:\/\/compasreseau.com\/wp-content\/uploads\/2023\/06\/promo-juillet-2023-365x365.jpg 365w, https:\/\/compasreseau.com\/wp-content\/uploads\/2023\/06\/promo-juillet-2023-500x500.jpg 500w\" sizes=\"(max-width: 1440px) 100vw, 1440px\" \/><\/p>\n<h3><span style=\"color: #ff6600;\">Promo sur les verres solaires en mai et juin &#8211; mai 2023<\/span><\/h3>\n<hr \/>\n<p><img loading=\"lazy\" decoding=\"async\" class=\"alignright size-full wp-image-1955\" src=\"https:\/\/compasreseau.com\/wp-content\/uploads\/2023\/05\/promo-opm-mai-juin-2023.jpg\" alt=\"\" width=\"2048\" height=\"2048\" srcset=\"https:\/\/compasreseau.com\/wp-content\/uploads\/2023\/05\/promo-opm-mai-juin-2023.jpg 2048w, https:\/\/compasreseau.com\/wp-content\/uploads\/2023\/05\/promo-opm-mai-juin-2023-300x300.jpg 300w, https:\/\/compasreseau.com\/wp-content\/uploads\/2023\/05\/promo-opm-mai-juin-2023-1024x1024.jpg 1024w, https:\/\/compasreseau.com\/wp-content\/uploads\/2023\/05\/promo-opm-mai-juin-2023-150x150.jpg 150w, https:\/\/compasreseau.com\/wp-content\/uploads\/2023\/05\/promo-opm-mai-juin-2023-768x768.jpg 768w, https:\/\/compasreseau.com\/wp-content\/uploads\/2023\/05\/promo-opm-mai-juin-2023-1536x1536.jpg 1536w, https:\/\/compasreseau.com\/wp-content\/uploads\/2023\/05\/promo-opm-mai-juin-2023-365x365.jpg 365w, https:\/\/compasreseau.com\/wp-content\/uploads\/2023\/05\/promo-opm-mai-juin-2023-500x500.jpg 500w\" sizes=\"(max-width: 2048px) 100vw, 2048px\" \/><\/p>\n<h3><span style=\"color: #ff6600;\"><strong>Plus de r\u00e9ductions chez Optique Point de Mire durant le mois de mars 2023<\/strong><\/span><\/h3>\n<hr \/>\n<p>En mars, notre partenaire <strong>Optique Point de Mire<\/strong> vous offre encore plus de r\u00e9ductions !<br \/>\nLes opticiens Optique Point de Mire r\u00e9alisent une action sp\u00e9ciale : <strong>10 % de r\u00e9duction suppl\u00e9mentaire<\/strong> sur vos<br \/>\nremises permanentes durant le mois de mars. Sur tous vos achats optiques (verres et montures) parmi un large<br \/>\nchoix de marques.<\/p>\n<p><strong>Nous vous rappelons l&rsquo;avantage li\u00e9 \u00e0 l&rsquo;Assurance Compl\u00e9mentaire Solidaris<\/strong><\/p>\n<p>Moins de 18 ans =75 euros\/an.<\/p>\n<p>Plus de 18 ans = 75 euros\/ 3 ans.<\/p>\n<h3><strong><span style=\"color: #ff6600;\">Collaboration Audika<\/span><\/strong><\/h3>\n<hr \/>\n<p>Nous avons repris une collaboration avec Audika pour les appareils auditifs sur Herstal et Waremme et sur rendez-vous.<\/p>\n<h3><span style=\"color: #ff6600;\"><strong>Nouveau: Tests visuels \u00e0 Pharma Sant\u00e9 Seraing &#8211; Rue Puits Marie\u00a0<\/strong><\/span><\/h3>\n<hr \/>\n<p>Sur rendez vous au 04\/336.06.29 OPDM Seraing Esplanade de l&rsquo;Avenir.15\u00a0 4100 Seraing.<\/p>\n<p><\/div><\/div><br \/>\n<div class=\"omsc-toggle\"><div class=\"omsc-toggle-title\"><a>Nous contacter<\/a><\/div><div class=\"omsc-toggle-inner\"><\/p>\n<p>Via le formulaire de contact : <a href=\"https:\/\/www.optiquepointdemire.be\/content\/nous-contacter\">https:\/\/www.optiquepointdemire.be\/content\/nous-contacter<\/a><\/p>\n<p><\/div><\/div><br \/>\n<div class=\"omsc-toggle\"><div class=\"omsc-toggle-title\">Mieux nous conna\u00eetre<\/div><div class=\"omsc-toggle-inner\"><\/p>\n<p>Rendez-vous sur <a href=\"https:\/\/www.optiquepointdemire.be\/\">https:\/\/www.optiquepointdemire.be\/<\/a><\/p>\n<p><\/div><\/div><br \/>\n<\/div>\n<p>&nbsp;<\/p>\n<p>&nbsp;<\/p>\n<p>&nbsp;<\/p>\n<p>&nbsp;<\/p>\n","protected":false},"excerpt":{"rendered":"<p>&nbsp; &nbsp; &nbsp; &nbsp; &nbsp; Contact privil\u00e9gi\u00e9 au sein d&rsquo;Optique Point de Mire &nbsp; &nbsp; &nbsp; &nbsp;<\/p>\n","protected":false},"author":1,"featured_media":0,"parent":0,"menu_order":0,"comment_status":"closed","ping_status":"closed","template":"","meta":{"footnotes":""},"categories":[],"tags":[],"class_list":["post-31","page","type-page","status-publish","hentry"],"jetpack_sharing_enabled":true,"_links":{"self":[{"href":"https:\/\/compasreseau.com\/index.php\/wp-json\/wp\/v2\/pages\/31","targetHints":{"allow":["GET"]}}],"collection":[{"href":"https:\/\/compasreseau.com\/index.php\/wp-json\/wp\/v2\/pages"}],"about":[{"href":"https:\/\/compasreseau.com\/index.php\/wp-json\/wp\/v2\/types\/page"}],"author":[{"embeddable":true,"href":"https:\/\/compasreseau.com\/index.php\/wp-json\/wp\/v2\/users\/1"}],"replies":[{"embeddable":true,"href":"https:\/\/compasreseau.com\/index.php\/wp-json\/wp\/v2\/comments?post=31"}],"version-history":[{"count":74,"href":"https:\/\/compasreseau.com\/index.php\/wp-json\/wp\/v2\/pages\/31\/revisions"}],"predecessor-version":[{"id":2683,"href":"https:\/\/compasreseau.com\/index.php\/wp-json\/wp\/v2\/pages\/31\/revisions\/2683"}],"wp:attachment":[{"href":"https:\/\/compasreseau.com\/index.php\/wp-json\/wp\/v2\/media?parent=31"}],"wp:term":[{"taxonomy":"category","embeddable":true,"href":"https:\/\/compasreseau.com\/index.php\/wp-json\/wp\/v2\/categories?post=31"},{"taxonomy":"post_tag","embeddable":true,"href":"https:\/\/compasreseau.com\/index.php\/wp-json\/wp\/v2\/tags?post=31"}],"curies":[{"name":"wp","href":"https:\/\/api.w.org\/{rel}","templated":true}]}}